{"id":6501,"date":"2022-11-23T16:32:43","date_gmt":"2022-11-23T16:32:43","guid":{"rendered":"https:\/\/seotest.qilumachinery.com\/?post_type=product&#038;p=6501"},"modified":"2026-03-14T10:54:56","modified_gmt":"2026-03-14T02:54:56","slug":"240hp-heavy-chassis-tractor","status":"publish","type":"product","link":"https:\/\/seekmach.com\/pt\/produtos\/240hp-heavy-chassis-tractor","title":{"rendered":"Powerful SeekMach  240HP Heavy Chassis Tractor SM-2404G"},"content":{"rendered":"<h2><strong>Cen\u00e1rios de aplica\u00e7\u00e3o<\/strong><\/h2>\n<p><img fetchpriority=\"high\" decoding=\"async\" class=\"alignleft size-full wp-image-20868\" src=\"https:\/\/seekmach.com\/wp-content\/uploads\/2022\/11\/32.jpg\" alt=\"\" width=\"630\" height=\"360\" srcset=\"https:\/\/seekmach.com\/wp-content\/uploads\/2022\/11\/32.jpg 630w, https:\/\/seekmach.com\/wp-content\/uploads\/2022\/11\/32-300x171.jpg 300w, https:\/\/seekmach.com\/wp-content\/uploads\/2022\/11\/32-150x86.jpg 150w, https:\/\/seekmach.com\/wp-content\/uploads\/2022\/11\/32-18x10.jpg 18w, https:\/\/seekmach.com\/wp-content\/uploads\/2022\/11\/32-500x286.jpg 500w\" sizes=\"(max-width: 630px) 100vw, 630px\" \/> <img decoding=\"async\" class=\"alignleft size-full wp-image-20867\" src=\"https:\/\/seekmach.com\/wp-content\/uploads\/2022\/11\/31.jpg\" alt=\"\" width=\"630\" height=\"360\" srcset=\"https:\/\/seekmach.com\/wp-content\/uploads\/2022\/11\/31.jpg 630w, https:\/\/seekmach.com\/wp-content\/uploads\/2022\/11\/31-300x171.jpg 300w, https:\/\/seekmach.com\/wp-content\/uploads\/2022\/11\/31-150x86.jpg 150w, https:\/\/seekmach.com\/wp-content\/uploads\/2022\/11\/31-18x10.jpg 18w, https:\/\/seekmach.com\/wp-content\/uploads\/2022\/11\/31-500x286.jpg 500w\" sizes=\"(max-width: 630px) 100vw, 630px\" \/> <img decoding=\"async\" class=\"alignleft size-full wp-image-20866\" src=\"https:\/\/seekmach.com\/wp-content\/uploads\/2022\/11\/30.jpg\" alt=\"\" width=\"630\" height=\"360\" srcset=\"https:\/\/seekmach.com\/wp-content\/uploads\/2022\/11\/30.jpg 630w, https:\/\/seekmach.com\/wp-content\/uploads\/2022\/11\/30-300x171.jpg 300w, https:\/\/seekmach.com\/wp-content\/uploads\/2022\/11\/30-150x86.jpg 150w, https:\/\/seekmach.com\/wp-content\/uploads\/2022\/11\/30-18x10.jpg 18w, https:\/\/seekmach.com\/wp-content\/uploads\/2022\/11\/30-500x286.jpg 500w\" sizes=\"(max-width: 630px) 100vw, 630px\" \/> <img loading=\"lazy\" decoding=\"async\" class=\"alignleft size-full wp-image-20865\" src=\"https:\/\/seekmach.com\/wp-content\/uploads\/2022\/11\/29.jpg\" alt=\"\" width=\"630\" height=\"360\" srcset=\"https:\/\/seekmach.com\/wp-content\/uploads\/2022\/11\/29.jpg 630w, https:\/\/seekmach.com\/wp-content\/uploads\/2022\/11\/29-300x171.jpg 300w, https:\/\/seekmach.com\/wp-content\/uploads\/2022\/11\/29-150x86.jpg 150w, https:\/\/seekmach.com\/wp-content\/uploads\/2022\/11\/29-18x10.jpg 18w, https:\/\/seekmach.com\/wp-content\/uploads\/2022\/11\/29-500x286.jpg 500w\" sizes=\"(max-width: 630px) 100vw, 630px\" \/><\/p>","protected":false},"excerpt":{"rendered":"<p>Marca do motor: 191,5KW<\/p>\n<p>Velocidade nominal: 2200 r\/min<\/p>\n<p>Tra\u00e7\u00e3o nominal: 59KN<\/p>\n<p>Dist\u00e2ncia entre eixos: 2870MM<\/p>\n<p>Trilha dianteira: 2015MM<\/p>\n<p>Trilha traseira: 2300MM<\/p>","protected":false},"featured_media":23200,"comment_status":"closed","ping_status":"closed","template":"","meta":[],"product_brand":[],"product_cat":[72,77],"product_tag":[49],"class_list":{"0":"post-6501","1":"product","2":"type-product","3":"status-publish","4":"has-post-thumbnail","6":"product_cat-tractor","7":"product_cat-180hp-tractor-260hp-tractor","8":"product_tag-working-conditions1","10":"first","11":"instock","12":"shipping-taxable","13":"product-type-simple"},"_links":{"self":[{"href":"https:\/\/seekmach.com\/pt\/wp-json\/wp\/v2\/product\/6501","targetHints":{"allow":["GET"]}}],"collection":[{"href":"https:\/\/seekmach.com\/pt\/wp-json\/wp\/v2\/product"}],"about":[{"href":"https:\/\/seekmach.com\/pt\/wp-json\/wp\/v2\/types\/product"}],"replies":[{"embeddable":true,"href":"https:\/\/seekmach.com\/pt\/wp-json\/wp\/v2\/comments?post=6501"}],"wp:featuredmedia":[{"embeddable":true,"href":"https:\/\/seekmach.com\/pt\/wp-json\/wp\/v2\/media\/23200"}],"wp:attachment":[{"href":"https:\/\/seekmach.com\/pt\/wp-json\/wp\/v2\/media?parent=6501"}],"wp:term":[{"taxonomy":"product_brand","embeddable":true,"href":"https:\/\/seekmach.com\/pt\/wp-json\/wp\/v2\/product_brand?post=6501"},{"taxonomy":"product_cat","embeddable":true,"href":"https:\/\/seekmach.com\/pt\/wp-json\/wp\/v2\/product_cat?post=6501"},{"taxonomy":"product_tag","embeddable":true,"href":"https:\/\/seekmach.com\/pt\/wp-json\/wp\/v2\/product_tag?post=6501"}],"curies":[{"name":"wp","href":"https:\/\/api.w.org\/{rel}","templated":true}]}}