{"id":2489,"date":"2021-12-20T02:07:59","date_gmt":"2021-12-20T02:07:59","guid":{"rendered":"https:\/\/seotest.qilumachinery.com\/?post_type=product&#038;p=2489"},"modified":"2026-03-09T15:54:03","modified_gmt":"2026-03-09T07:54:03","slug":"sm-50hp","status":"publish","type":"product","link":"https:\/\/seekmach.com\/pt\/produtos\/sm-50hp","title":{"rendered":"China 50HP Tractor Manufacturer SM-504Y"},"content":{"rendered":"<h2><strong>Cen\u00e1rios de aplica\u00e7\u00e3o<\/strong><\/h2>\n<p><img fetchpriority=\"high\" decoding=\"async\" class=\"alignleft size-full wp-image-20877\" src=\"https:\/\/seekmach.com\/wp-content\/uploads\/2021\/12\/41-3.jpg\" alt=\"\" width=\"630\" height=\"360\" srcset=\"https:\/\/seekmach.com\/wp-content\/uploads\/2021\/12\/41-3.jpg 630w, https:\/\/seekmach.com\/wp-content\/uploads\/2021\/12\/41-3-300x171.jpg 300w, https:\/\/seekmach.com\/wp-content\/uploads\/2021\/12\/41-3-150x86.jpg 150w, https:\/\/seekmach.com\/wp-content\/uploads\/2021\/12\/41-3-18x10.jpg 18w, https:\/\/seekmach.com\/wp-content\/uploads\/2021\/12\/41-3-500x286.jpg 500w\" sizes=\"(max-width: 630px) 100vw, 630px\" \/> <img decoding=\"async\" class=\"alignleft size-full wp-image-20878\" src=\"https:\/\/seekmach.com\/wp-content\/uploads\/2021\/12\/42-2.jpg\" alt=\"\" width=\"630\" height=\"360\" srcset=\"https:\/\/seekmach.com\/wp-content\/uploads\/2021\/12\/42-2.jpg 630w, https:\/\/seekmach.com\/wp-content\/uploads\/2021\/12\/42-2-300x171.jpg 300w, https:\/\/seekmach.com\/wp-content\/uploads\/2021\/12\/42-2-150x86.jpg 150w, https:\/\/seekmach.com\/wp-content\/uploads\/2021\/12\/42-2-18x10.jpg 18w, https:\/\/seekmach.com\/wp-content\/uploads\/2021\/12\/42-2-500x286.jpg 500w\" sizes=\"(max-width: 630px) 100vw, 630px\" \/> <img decoding=\"async\" class=\"alignleft size-full wp-image-20880\" src=\"https:\/\/seekmach.com\/wp-content\/uploads\/2021\/12\/43-2.jpg\" alt=\"\" width=\"630\" height=\"360\" srcset=\"https:\/\/seekmach.com\/wp-content\/uploads\/2021\/12\/43-2.jpg 630w, https:\/\/seekmach.com\/wp-content\/uploads\/2021\/12\/43-2-300x171.jpg 300w, https:\/\/seekmach.com\/wp-content\/uploads\/2021\/12\/43-2-150x86.jpg 150w, https:\/\/seekmach.com\/wp-content\/uploads\/2021\/12\/43-2-18x10.jpg 18w, https:\/\/seekmach.com\/wp-content\/uploads\/2021\/12\/43-2-500x286.jpg 500w\" sizes=\"(max-width: 630px) 100vw, 630px\" \/> <img loading=\"lazy\" decoding=\"async\" class=\"alignleft size-full wp-image-20881\" src=\"https:\/\/seekmach.com\/wp-content\/uploads\/2021\/12\/44-2.jpg\" alt=\"\" width=\"630\" height=\"360\" srcset=\"https:\/\/seekmach.com\/wp-content\/uploads\/2021\/12\/44-2.jpg 630w, https:\/\/seekmach.com\/wp-content\/uploads\/2021\/12\/44-2-300x171.jpg 300w, https:\/\/seekmach.com\/wp-content\/uploads\/2021\/12\/44-2-150x86.jpg 150w, https:\/\/seekmach.com\/wp-content\/uploads\/2021\/12\/44-2-18x10.jpg 18w, https:\/\/seekmach.com\/wp-content\/uploads\/2021\/12\/44-2-500x286.jpg 500w\" sizes=\"(max-width: 630px) 100vw, 630px\" \/><\/p>","protected":false},"excerpt":{"rendered":"<p><span data-path-to-node=\"1,12,1,0\">Peso:<\/span><strong>1410 kg\u00a0<\/strong><\/p>\n<p><span data-path-to-node=\"1,13,1,0\">Dist\u00e2ncia entre eixos:<\/span><strong>1800 mm\u00a0<\/strong><\/p>\n<p><span data-path-to-node=\"1,14,1,0\">Dimens\u00e3o total (L)<i data-path-to-node=\"1,14,1,0\" data-index-in-node=\"20\">W<\/i>H):<\/span><strong>3450 * 1400 * 2000 mm\u00a0<\/strong><\/p>\n<p><span data-path-to-node=\"1,15,1,0\">Tamanho dos pneus:<\/span><strong>6.5-16 \/ 11.2-24<\/strong><\/p>","protected":false},"featured_media":19940,"comment_status":"closed","ping_status":"closed","template":"","meta":[],"product_brand":[],"product_cat":[72,73],"product_tag":[48],"class_list":{"0":"post-2489","1":"product","2":"type-product","3":"status-publish","4":"has-post-thumbnail","6":"product_cat-tractor","7":"product_cat-25hp-tractor-50hp-tractor","8":"product_tag-working-conditions3","10":"first","11":"instock","12":"shipping-taxable","13":"product-type-simple"},"_links":{"self":[{"href":"https:\/\/seekmach.com\/pt\/wp-json\/wp\/v2\/product\/2489","targetHints":{"allow":["GET"]}}],"collection":[{"href":"https:\/\/seekmach.com\/pt\/wp-json\/wp\/v2\/product"}],"about":[{"href":"https:\/\/seekmach.com\/pt\/wp-json\/wp\/v2\/types\/product"}],"replies":[{"embeddable":true,"href":"https:\/\/seekmach.com\/pt\/wp-json\/wp\/v2\/comments?post=2489"}],"wp:featuredmedia":[{"embeddable":true,"href":"https:\/\/seekmach.com\/pt\/wp-json\/wp\/v2\/media\/19940"}],"wp:attachment":[{"href":"https:\/\/seekmach.com\/pt\/wp-json\/wp\/v2\/media?parent=2489"}],"wp:term":[{"taxonomy":"product_brand","embeddable":true,"href":"https:\/\/seekmach.com\/pt\/wp-json\/wp\/v2\/product_brand?post=2489"},{"taxonomy":"product_cat","embeddable":true,"href":"https:\/\/seekmach.com\/pt\/wp-json\/wp\/v2\/product_cat?post=2489"},{"taxonomy":"product_tag","embeddable":true,"href":"https:\/\/seekmach.com\/pt\/wp-json\/wp\/v2\/product_tag?post=2489"}],"curies":[{"name":"wp","href":"https:\/\/api.w.org\/{rel}","templated":true}]}}