{"id":2379,"date":"2021-12-17T02:52:49","date_gmt":"2021-12-17T02:52:49","guid":{"rendered":"https:\/\/seotest.qilumachinery.com\/?post_type=product&#038;p=2379"},"modified":"2026-03-09T16:08:06","modified_gmt":"2026-03-09T08:08:06","slug":"sm-304y","status":"publish","type":"product","link":"https:\/\/seekmach.com\/pt\/produtos\/sm-304y","title":{"rendered":"OEM 30HP Tractor SM-304Y"},"content":{"rendered":"<h2><strong>Cen\u00e1rios de aplica\u00e7\u00e3o<\/strong><\/h2>\n<p><img fetchpriority=\"high\" decoding=\"async\" class=\"alignleft size-full wp-image-20896\" src=\"https:\/\/seekmach.com\/wp-content\/uploads\/2021\/12\/57-2.jpg\" alt=\"\" width=\"630\" height=\"360\" srcset=\"https:\/\/seekmach.com\/wp-content\/uploads\/2021\/12\/57-2.jpg 630w, https:\/\/seekmach.com\/wp-content\/uploads\/2021\/12\/57-2-300x171.jpg 300w, https:\/\/seekmach.com\/wp-content\/uploads\/2021\/12\/57-2-150x86.jpg 150w, https:\/\/seekmach.com\/wp-content\/uploads\/2021\/12\/57-2-18x10.jpg 18w, https:\/\/seekmach.com\/wp-content\/uploads\/2021\/12\/57-2-500x286.jpg 500w\" sizes=\"(max-width: 630px) 100vw, 630px\" \/> <img decoding=\"async\" class=\"alignleft size-full wp-image-20897\" src=\"https:\/\/seekmach.com\/wp-content\/uploads\/2021\/12\/58-2.jpg\" alt=\"\" width=\"630\" height=\"360\" srcset=\"https:\/\/seekmach.com\/wp-content\/uploads\/2021\/12\/58-2.jpg 630w, https:\/\/seekmach.com\/wp-content\/uploads\/2021\/12\/58-2-300x171.jpg 300w, https:\/\/seekmach.com\/wp-content\/uploads\/2021\/12\/58-2-150x86.jpg 150w, https:\/\/seekmach.com\/wp-content\/uploads\/2021\/12\/58-2-18x10.jpg 18w, https:\/\/seekmach.com\/wp-content\/uploads\/2021\/12\/58-2-500x286.jpg 500w\" sizes=\"(max-width: 630px) 100vw, 630px\" \/> <img decoding=\"async\" class=\"alignleft size-full wp-image-20898\" src=\"https:\/\/seekmach.com\/wp-content\/uploads\/2021\/12\/59-2.jpg\" alt=\"\" width=\"630\" height=\"360\" srcset=\"https:\/\/seekmach.com\/wp-content\/uploads\/2021\/12\/59-2.jpg 630w, https:\/\/seekmach.com\/wp-content\/uploads\/2021\/12\/59-2-300x171.jpg 300w, https:\/\/seekmach.com\/wp-content\/uploads\/2021\/12\/59-2-150x86.jpg 150w, https:\/\/seekmach.com\/wp-content\/uploads\/2021\/12\/59-2-18x10.jpg 18w, https:\/\/seekmach.com\/wp-content\/uploads\/2021\/12\/59-2-500x286.jpg 500w\" sizes=\"(max-width: 630px) 100vw, 630px\" \/> <img loading=\"lazy\" decoding=\"async\" class=\"alignleft size-full wp-image-20899\" src=\"https:\/\/seekmach.com\/wp-content\/uploads\/2021\/12\/60-2.jpg\" alt=\"\" width=\"630\" height=\"360\" srcset=\"https:\/\/seekmach.com\/wp-content\/uploads\/2021\/12\/60-2.jpg 630w, https:\/\/seekmach.com\/wp-content\/uploads\/2021\/12\/60-2-300x171.jpg 300w, https:\/\/seekmach.com\/wp-content\/uploads\/2021\/12\/60-2-150x86.jpg 150w, https:\/\/seekmach.com\/wp-content\/uploads\/2021\/12\/60-2-18x10.jpg 18w, https:\/\/seekmach.com\/wp-content\/uploads\/2021\/12\/60-2-500x286.jpg 500w\" sizes=\"(max-width: 630px) 100vw, 630px\" \/><\/p>","protected":false},"excerpt":{"rendered":"<p><span data-path-to-node=\"2,12,1,0\">Weight (Structural)\uff1a<\/span><strong>1380 kg\u00a0<\/strong><\/p>\n<p><span data-path-to-node=\"2,13,1,0\">Dist\u00e2ncia entre eixos:<\/span><strong>1745 mm\u00a0<\/strong><\/p>\n<p><span data-path-to-node=\"2,14,1,0\">Dimens\u00e3o total (L)<i data-path-to-node=\"2,14,1,0\" data-index-in-node=\"20\">W<\/i>H):<\/span><strong>3350 * 1400 * 2000 mm\u00a0<\/strong><\/p>\n<p><span data-path-to-node=\"2,15,1,0\">Tamanho dos pneus:<\/span><strong>6.5-16 \/ 11.2-24<\/strong><\/p>","protected":false},"featured_media":19931,"comment_status":"closed","ping_status":"closed","template":"","meta":[],"product_brand":[],"product_cat":[73,72],"product_tag":[51],"class_list":{"0":"post-2379","1":"product","2":"type-product","3":"status-publish","4":"has-post-thumbnail","6":"product_cat-25hp-tractor-50hp-tractor","7":"product_cat-tractor","8":"product_tag-working-conditions5","10":"first","11":"instock","12":"shipping-taxable","13":"product-type-simple"},"_links":{"self":[{"href":"https:\/\/seekmach.com\/pt\/wp-json\/wp\/v2\/product\/2379","targetHints":{"allow":["GET"]}}],"collection":[{"href":"https:\/\/seekmach.com\/pt\/wp-json\/wp\/v2\/product"}],"about":[{"href":"https:\/\/seekmach.com\/pt\/wp-json\/wp\/v2\/types\/product"}],"replies":[{"embeddable":true,"href":"https:\/\/seekmach.com\/pt\/wp-json\/wp\/v2\/comments?post=2379"}],"wp:featuredmedia":[{"embeddable":true,"href":"https:\/\/seekmach.com\/pt\/wp-json\/wp\/v2\/media\/19931"}],"wp:attachment":[{"href":"https:\/\/seekmach.com\/pt\/wp-json\/wp\/v2\/media?parent=2379"}],"wp:term":[{"taxonomy":"product_brand","embeddable":true,"href":"https:\/\/seekmach.com\/pt\/wp-json\/wp\/v2\/product_brand?post=2379"},{"taxonomy":"product_cat","embeddable":true,"href":"https:\/\/seekmach.com\/pt\/wp-json\/wp\/v2\/product_cat?post=2379"},{"taxonomy":"product_tag","embeddable":true,"href":"https:\/\/seekmach.com\/pt\/wp-json\/wp\/v2\/product_tag?post=2379"}],"curies":[{"name":"wp","href":"https:\/\/api.w.org\/{rel}","templated":true}]}}