{"id":2299,"date":"2021-12-16T06:34:01","date_gmt":"2021-12-16T06:34:01","guid":{"rendered":"https:\/\/seotest.qilumachinery.com\/?post_type=product&#038;p=2299"},"modified":"2026-01-05T15:04:57","modified_gmt":"2026-01-05T07:04:57","slug":"qln-17pro","status":"publish","type":"product","link":"https:\/\/seekmach.com\/pt\/produtos\/qln-17pro","title":{"rendered":"Miniescavadeira chinesa 1,7T"},"content":{"rendered":"<h3>Miniescavadeira China 1.7T QLN-17Pro<\/h3>\n<ul>\n<li>Procurando uma miniescavadeira confi\u00e1vel e eficiente que atenda \u00e0s suas necessidades de paisagismo ou constru\u00e7\u00e3o? Nossa <a href=\"https:\/\/seotest.SeekMachmachinery.com\/why-the-1-7-ton-excavator-is-perfect-for-small-construction-projects\/\" target=\"_blank\" rel=\"noopener\">Mini escavadeira de 1,7 toneladas<\/a> com teto, controle piloto hidr\u00e1ulico, lan\u00e7a girat\u00f3ria de bra\u00e7o, design 0-tail, motor diesel Yanmar de 3 cilindros e chassi extens\u00edvel opcional, cabine com ventilador e cabine de aquecimento \u00e9 a solu\u00e7\u00e3o perfeita.<\/li>\n<li>Com peso operacional de apenas 1,7 toneladas, esta miniescavadeira \u00e9 compacta e manobr\u00e1vel, facilitando a opera\u00e7\u00e3o em espa\u00e7os apertados e passagens estreitas. O sistema de controle piloto hidr\u00e1ulico proporciona um controle suave e preciso, garantindo m\u00e1xima efici\u00eancia e produtividade no trabalho.<\/li>\n<li>Alimentada por um motor diesel Yanmar de 3 cilindros de alto desempenho, esta miniescavadeira oferece pot\u00eancia e efici\u00eancia de combust\u00edvel excepcionais, tornando-a ideal para uma ampla gama de aplica\u00e7\u00f5es. Tamb\u00e9m vem certificado com certificados EURO5 e EPA, garantindo que cumpre at\u00e9 mesmo os regulamentos ambientais mais rigorosos.<\/li>\n<li>Esta miniescavadeira possui uma lan\u00e7a oscilante de bra\u00e7o e design de cauda 0, proporcionando excelente estabilidade e controle para desempenho ideal. Os operadores podem personalizar ainda mais sua experi\u00eancia com atualiza\u00e7\u00f5es opcionais, como extens\u00e3o do chassi, cabine com ventilador e cabine com aquecimento, garantindo conforto e conveni\u00eancia durante longas horas de opera\u00e7\u00e3o.<\/li>\n<li>Nossa miniescavadeira de 1,7 tonelada com teto, controle hidr\u00e1ulico piloto, lan\u00e7a girat\u00f3ria, design 0-tail, motor diesel Yanmar de 3 cilindros e chassi extens\u00edvel opcional, cabine com ventilador e cabine aquecida foi projetada para atender \u00e0s exigentes necessidades das opera\u00e7\u00f5es modernas de paisagismo e constru\u00e7\u00e3o. Seja para cavar valas, remover entulhos ou realizar outras tarefas essenciais, nosso produto oferece equipamentos de alta qualidade a um pre\u00e7o acess\u00edvel. Entre em contato conosco hoje mesmo para saber mais sobre nossos produtos e como podemos ajud\u00e1-lo a alcan\u00e7ar o sucesso em suas opera\u00e7\u00f5es.<\/li>\n<\/ul>\n<table width=\"521\">\n<tbody>\n<tr>\n<td colspan=\"2\" width=\"521\">Par\u00e2metro<\/td>\n<\/tr>\n<tr>\n<td>Peso da opera\u00e7\u00e3o<\/td>\n<td width=\"175\">1700 kg<\/td>\n<\/tr>\n<tr>\n<td>Motor<\/td>\n<td>Kubota<\/td>\n<\/tr>\n<tr>\n<td>Poder<\/td>\n<td>10,2 kW<\/td>\n<\/tr>\n<tr>\n<td>Capacidade do balde<\/td>\n<td>0,04m\u00b3<\/td>\n<\/tr>\n<tr>\n<td>Gradibilidade<\/td>\n<td>30\u00b0<\/td>\n<\/tr>\n<tr>\n<td colspan=\"2\">Dimens\u00e3o<\/td>\n<\/tr>\n<tr>\n<td>Comprimento total<\/td>\n<td width=\"175\">3300 mm<\/td>\n<\/tr>\n<tr>\n<td>Largura total<\/td>\n<td width=\"175\">1110 mm<\/td>\n<\/tr>\n<tr>\n<td>Altura total<\/td>\n<td width=\"175\">2360 mm<\/td>\n<\/tr>\n<tr>\n<td>Dist\u00e2ncia entre eixos<\/td>\n<td>875 mm<\/td>\n<\/tr>\n<tr>\n<td colspan=\"2\">Especifica\u00e7\u00f5es de desempenho<\/td>\n<\/tr>\n<tr>\n<td>M\u00e1x. Altura de escava\u00e7\u00e3o<\/td>\n<td width=\"175\">3310 mm<\/td>\n<\/tr>\n<tr>\n<td>M\u00e1x. Altura de Despejo<\/td>\n<td width=\"175\">2370 mm<\/td>\n<\/tr>\n<tr>\n<td>M\u00e1x. Profundidade de escava\u00e7\u00e3o<\/td>\n<td width=\"175\">2120 mm<\/td>\n<\/tr>\n<tr>\n<td>Raio m\u00e1ximo de escava\u00e7\u00e3o<\/td>\n<td>3640 mm<\/td>\n<\/tr>\n<tr>\n<td>Profundidade m\u00e1xima de escava\u00e7\u00e3o vertical<\/td>\n<td width=\"175\">1535 mm<\/td>\n<\/tr>\n<\/tbody>\n<\/table>","protected":false},"excerpt":{"rendered":"<p>M\u00e1x. Altura de escava\u00e7\u00e3o: 3310mm<\/p>\n<p>M\u00e1x. Altura de despejo: 2370mm<\/p>\n<p>M\u00e1x. Profundidade de escava\u00e7\u00e3o: 2120mm<\/p>\n<p>Profundidade m\u00e1xima de escava\u00e7\u00e3o vertical do bra\u00e7o: 1535mm<\/p>\n<p>M\u00e1x. Dist\u00e2ncia de escava\u00e7\u00e3o: 3640mm<\/p>\n<p>M\u00e1x. Dist\u00e2ncia de escava\u00e7\u00e3o no solo: 3570mm<\/p>","protected":false},"featured_media":0,"comment_status":"closed","ping_status":"closed","template":"","meta":[],"product_brand":[],"product_cat":[20],"product_tag":[],"class_list":{"0":"post-2299","1":"product","2":"type-product","3":"status-publish","5":"product_cat-uncategorized","7":"first","8":"instock","9":"shipping-taxable","10":"product-type-simple"},"_links":{"self":[{"href":"https:\/\/seekmach.com\/pt\/wp-json\/wp\/v2\/product\/2299","targetHints":{"allow":["GET"]}}],"collection":[{"href":"https:\/\/seekmach.com\/pt\/wp-json\/wp\/v2\/product"}],"about":[{"href":"https:\/\/seekmach.com\/pt\/wp-json\/wp\/v2\/types\/product"}],"replies":[{"embeddable":true,"href":"https:\/\/seekmach.com\/pt\/wp-json\/wp\/v2\/comments?post=2299"}],"wp:attachment":[{"href":"https:\/\/seekmach.com\/pt\/wp-json\/wp\/v2\/media?parent=2299"}],"wp:term":[{"taxonomy":"product_brand","embeddable":true,"href":"https:\/\/seekmach.com\/pt\/wp-json\/wp\/v2\/product_brand?post=2299"},{"taxonomy":"product_cat","embeddable":true,"href":"https:\/\/seekmach.com\/pt\/wp-json\/wp\/v2\/product_cat?post=2299"},{"taxonomy":"product_tag","embeddable":true,"href":"https:\/\/seekmach.com\/pt\/wp-json\/wp\/v2\/product_tag?post=2299"}],"curies":[{"name":"wp","href":"https:\/\/api.w.org\/{rel}","templated":true}]}}