{"id":18797,"date":"2026-01-09T11:44:49","date_gmt":"2026-01-09T03:44:49","guid":{"rendered":"https:\/\/seekmach.com\/?post_type=product&#038;p=18797"},"modified":"2026-03-09T14:47:38","modified_gmt":"2026-03-09T06:47:38","slug":"1-3-ton-mini-excavator-13eco","status":"publish","type":"product","link":"https:\/\/seekmach.com\/pt\/produtos\/1-3-ton-mini-excavator-13eco","title":{"rendered":"1.3 Ton Mini Excavator -13Eco"},"content":{"rendered":"<h2><strong>Cen\u00e1rios de aplica\u00e7\u00e3o<\/strong><\/h2>\n<p><img fetchpriority=\"high\" decoding=\"async\" class=\"size-full wp-image-19711 alignleft\" src=\"https:\/\/seekmach.com\/wp-content\/uploads\/2026\/01\/305.jpg\" alt=\"\" width=\"650\" height=\"363\" srcset=\"https:\/\/seekmach.com\/wp-content\/uploads\/2026\/01\/305.jpg 650w, https:\/\/seekmach.com\/wp-content\/uploads\/2026\/01\/305-300x168.jpg 300w, https:\/\/seekmach.com\/wp-content\/uploads\/2026\/01\/305-150x84.jpg 150w, https:\/\/seekmach.com\/wp-content\/uploads\/2026\/01\/305-18x10.jpg 18w, https:\/\/seekmach.com\/wp-content\/uploads\/2026\/01\/305-500x279.jpg 500w\" sizes=\"(max-width: 650px) 100vw, 650px\" \/> <img decoding=\"async\" class=\"size-full wp-image-19712 alignleft\" src=\"https:\/\/seekmach.com\/wp-content\/uploads\/2026\/01\/306.jpg\" alt=\"\" width=\"650\" height=\"363\" srcset=\"https:\/\/seekmach.com\/wp-content\/uploads\/2026\/01\/306.jpg 650w, https:\/\/seekmach.com\/wp-content\/uploads\/2026\/01\/306-300x168.jpg 300w, https:\/\/seekmach.com\/wp-content\/uploads\/2026\/01\/306-150x84.jpg 150w, https:\/\/seekmach.com\/wp-content\/uploads\/2026\/01\/306-18x10.jpg 18w, https:\/\/seekmach.com\/wp-content\/uploads\/2026\/01\/306-500x279.jpg 500w\" sizes=\"(max-width: 650px) 100vw, 650px\" \/> <img decoding=\"async\" class=\"size-full wp-image-19713 alignleft\" src=\"https:\/\/seekmach.com\/wp-content\/uploads\/2026\/01\/307.jpg\" alt=\"\" width=\"650\" height=\"363\" srcset=\"https:\/\/seekmach.com\/wp-content\/uploads\/2026\/01\/307.jpg 650w, https:\/\/seekmach.com\/wp-content\/uploads\/2026\/01\/307-300x168.jpg 300w, https:\/\/seekmach.com\/wp-content\/uploads\/2026\/01\/307-150x84.jpg 150w, https:\/\/seekmach.com\/wp-content\/uploads\/2026\/01\/307-18x10.jpg 18w, https:\/\/seekmach.com\/wp-content\/uploads\/2026\/01\/307-500x279.jpg 500w\" sizes=\"(max-width: 650px) 100vw, 650px\" \/> <img loading=\"lazy\" decoding=\"async\" class=\"size-full wp-image-19714 alignleft\" src=\"https:\/\/seekmach.com\/wp-content\/uploads\/2026\/01\/308.jpg\" alt=\"\" width=\"650\" height=\"363\" srcset=\"https:\/\/seekmach.com\/wp-content\/uploads\/2026\/01\/308.jpg 650w, https:\/\/seekmach.com\/wp-content\/uploads\/2026\/01\/308-300x168.jpg 300w, https:\/\/seekmach.com\/wp-content\/uploads\/2026\/01\/308-150x84.jpg 150w, https:\/\/seekmach.com\/wp-content\/uploads\/2026\/01\/308-18x10.jpg 18w, https:\/\/seekmach.com\/wp-content\/uploads\/2026\/01\/308-500x279.jpg 500w\" sizes=\"(max-width: 650px) 100vw, 650px\" \/> <img loading=\"lazy\" decoding=\"async\" class=\"size-full wp-image-19715 alignleft\" src=\"https:\/\/seekmach.com\/wp-content\/uploads\/2026\/01\/309.jpg\" alt=\"\" width=\"650\" height=\"363\" srcset=\"https:\/\/seekmach.com\/wp-content\/uploads\/2026\/01\/309.jpg 650w, https:\/\/seekmach.com\/wp-content\/uploads\/2026\/01\/309-300x168.jpg 300w, https:\/\/seekmach.com\/wp-content\/uploads\/2026\/01\/309-150x84.jpg 150w, https:\/\/seekmach.com\/wp-content\/uploads\/2026\/01\/309-18x10.jpg 18w, https:\/\/seekmach.com\/wp-content\/uploads\/2026\/01\/309-500x279.jpg 500w\" sizes=\"(max-width: 650px) 100vw, 650px\" \/> <img loading=\"lazy\" decoding=\"async\" class=\"size-full wp-image-19716 alignleft\" src=\"https:\/\/seekmach.com\/wp-content\/uploads\/2026\/01\/310.jpg\" alt=\"\" width=\"650\" height=\"363\" srcset=\"https:\/\/seekmach.com\/wp-content\/uploads\/2026\/01\/310.jpg 650w, https:\/\/seekmach.com\/wp-content\/uploads\/2026\/01\/310-300x168.jpg 300w, https:\/\/seekmach.com\/wp-content\/uploads\/2026\/01\/310-150x84.jpg 150w, https:\/\/seekmach.com\/wp-content\/uploads\/2026\/01\/310-18x10.jpg 18w, https:\/\/seekmach.com\/wp-content\/uploads\/2026\/01\/310-500x279.jpg 500w\" sizes=\"(max-width: 650px) 100vw, 650px\" \/><\/p>","protected":false},"excerpt":{"rendered":"<p data-path-to-node=\"8,0,0\">Altura m\u00e1xima de escava\u00e7\u00e3o: <b data-path-to-node=\"8,0,0\" data-index-in-node=\"21\">2600 mil\u00edmetros<\/b><\/p>\n<p data-path-to-node=\"8,1,0\">Altura m\u00e1xima de descarga: <b data-path-to-node=\"8,1,0\" data-index-in-node=\"21\">1750 mm<\/b><\/p>\n<p data-path-to-node=\"8,2,0\">Profundidade m\u00e1xima de escava\u00e7\u00e3o: <b data-path-to-node=\"8,2,0\" data-index-in-node=\"20\">1750 mm<\/b><\/p>\n<p data-path-to-node=\"8,3,0\">Raio m\u00e1ximo de escava\u00e7\u00e3o: <b data-path-to-node=\"8,3,0\" data-index-in-node=\"21\">3100 mm<\/b><\/p>\n<p data-path-to-node=\"8,3,0\">","protected":false},"featured_media":19074,"comment_status":"closed","ping_status":"closed","template":"","meta":[],"product_brand":[],"product_cat":[31,364],"product_tag":[53],"class_list":{"0":"post-18797","1":"product","2":"type-product","3":"status-publish","4":"has-post-thumbnail","6":"product_cat-excavator-supplier","7":"product_cat-eco-series","8":"product_tag-working-conditions7","10":"first","11":"instock","12":"shipping-taxable","13":"product-type-simple"},"_links":{"self":[{"href":"https:\/\/seekmach.com\/pt\/wp-json\/wp\/v2\/product\/18797","targetHints":{"allow":["GET"]}}],"collection":[{"href":"https:\/\/seekmach.com\/pt\/wp-json\/wp\/v2\/product"}],"about":[{"href":"https:\/\/seekmach.com\/pt\/wp-json\/wp\/v2\/types\/product"}],"replies":[{"embeddable":true,"href":"https:\/\/seekmach.com\/pt\/wp-json\/wp\/v2\/comments?post=18797"}],"wp:featuredmedia":[{"embeddable":true,"href":"https:\/\/seekmach.com\/pt\/wp-json\/wp\/v2\/media\/19074"}],"wp:attachment":[{"href":"https:\/\/seekmach.com\/pt\/wp-json\/wp\/v2\/media?parent=18797"}],"wp:term":[{"taxonomy":"product_brand","embeddable":true,"href":"https:\/\/seekmach.com\/pt\/wp-json\/wp\/v2\/product_brand?post=18797"},{"taxonomy":"product_cat","embeddable":true,"href":"https:\/\/seekmach.com\/pt\/wp-json\/wp\/v2\/product_cat?post=18797"},{"taxonomy":"product_tag","embeddable":true,"href":"https:\/\/seekmach.com\/pt\/wp-json\/wp\/v2\/product_tag?post=18797"}],"curies":[{"name":"wp","href":"https:\/\/api.w.org\/{rel}","templated":true}]}}