{"id":13087,"date":"2025-07-02T16:44:41","date_gmt":"2025-07-02T08:44:41","guid":{"rendered":"https:\/\/seotest.qilumachinery.com\/?post_type=product&#038;p=13087"},"modified":"2026-03-09T14:58:23","modified_gmt":"2026-03-09T06:58:23","slug":"excavator-rotary-tiller","status":"publish","type":"product","link":"https:\/\/seekmach.com\/pt\/produtos\/excavator-rotary-tiller","title":{"rendered":"Escavadeira Rotativa"},"content":{"rendered":"<h4>Purpose of the Excavator Rotary Tiller<\/h4>\n<ul>\n<li>Tear through clumps and loosen soil<\/li>\n<li>Mix compost, fertilizer, manure, and mulch into the soil<\/li>\n<li>Add amendments to flower beds<\/li>\n<li>Prepare land for planting<\/li>\n<li>Remove weeds between rows<\/li>\n<li>Till next to sidewalks, curbs, and buildings<\/li>\n<\/ul>\n<h4><\/h4>\n<h4>Product Parameters of Excavator Rotary Tiller<\/h4>\n<table width=\"521\">\n<tbody>\n<tr>\n<td colspan=\"2\" width=\"521\">Par\u00e2metro<\/td>\n<\/tr>\n<tr>\n<td>Peso da opera\u00e7\u00e3o<\/td>\n<td width=\"175\">4000 kg<\/td>\n<\/tr>\n<tr>\n<td>Motor<\/td>\n<td>Yanmar<\/td>\n<\/tr>\n<tr>\n<td>Poder<\/td>\n<td>18,2 kW<\/td>\n<\/tr>\n<tr>\n<td>Capacidade do balde<\/td>\n<td>0,09m\u00b3<\/td>\n<\/tr>\n<tr>\n<td>Gradibilidade<\/td>\n<td>30\u00b0<\/td>\n<\/tr>\n<tr>\n<td colspan=\"2\">Dimens\u00e3o<\/td>\n<\/tr>\n<tr>\n<td>Comprimento total<\/td>\n<td width=\"175\">4485 mm<\/td>\n<\/tr>\n<tr>\n<td>Largura total<\/td>\n<td width=\"175\">1550 mm<\/td>\n<\/tr>\n<tr>\n<td>Altura total<\/td>\n<td width=\"175\">2440 mm<\/td>\n<\/tr>\n<tr>\n<td>Dist\u00e2ncia entre eixos<\/td>\n<td>1250 mm<\/td>\n<\/tr>\n<tr>\n<td colspan=\"2\">Especifica\u00e7\u00f5es de desempenho<\/td>\n<\/tr>\n<tr>\n<td>M\u00e1x. Altura de escava\u00e7\u00e3o<\/td>\n<td width=\"175\">4600 mm<\/td>\n<\/tr>\n<tr>\n<td>M\u00e1x. Altura de Despejo<\/td>\n<td width=\"175\">3175 mm<\/td>\n<\/tr>\n<tr>\n<td>M\u00e1x. Profundidade de escava\u00e7\u00e3o<\/td>\n<td width=\"175\">2880 mm<\/td>\n<\/tr>\n<tr>\n<td>Raio m\u00e1ximo de escava\u00e7\u00e3o<\/td>\n<td>4965 mm<\/td>\n<\/tr>\n<tr>\n<td>Profundidade m\u00e1xima de escava\u00e7\u00e3o vertical<\/td>\n<td width=\"175\">2305 mm<\/td>\n<\/tr>\n<\/tbody>\n<\/table>","protected":false},"excerpt":{"rendered":"<p>Purpose of the Excavator Rotary Tiller Tear through clumps and loosen soil Mix compost, fertilizer, manure, and mulch into the soil Add amendments to flower beds Prepare land for planting Remove weeds between rows Till next to sidewalks, curbs, and buildings Product Parameters of Excavator Rotary Tiller Parameter Operation weight 4000KGS Engine Yanmar Power 18.2KW [&hellip;]<\/p>\n","protected":false},"featured_media":13669,"comment_status":"closed","ping_status":"closed","template":"","meta":[],"product_brand":[],"product_cat":[31,101],"product_tag":[],"class_list":{"0":"post-13087","1":"product","2":"type-product","3":"status-publish","4":"has-post-thumbnail","6":"product_cat-excavator-supplier","7":"product_cat-attachments","9":"first","10":"instock","11":"shipping-taxable","12":"product-type-simple"},"_links":{"self":[{"href":"https:\/\/seekmach.com\/pt\/wp-json\/wp\/v2\/product\/13087","targetHints":{"allow":["GET"]}}],"collection":[{"href":"https:\/\/seekmach.com\/pt\/wp-json\/wp\/v2\/product"}],"about":[{"href":"https:\/\/seekmach.com\/pt\/wp-json\/wp\/v2\/types\/product"}],"replies":[{"embeddable":true,"href":"https:\/\/seekmach.com\/pt\/wp-json\/wp\/v2\/comments?post=13087"}],"wp:featuredmedia":[{"embeddable":true,"href":"https:\/\/seekmach.com\/pt\/wp-json\/wp\/v2\/media\/13669"}],"wp:attachment":[{"href":"https:\/\/seekmach.com\/pt\/wp-json\/wp\/v2\/media?parent=13087"}],"wp:term":[{"taxonomy":"product_brand","embeddable":true,"href":"https:\/\/seekmach.com\/pt\/wp-json\/wp\/v2\/product_brand?post=13087"},{"taxonomy":"product_cat","embeddable":true,"href":"https:\/\/seekmach.com\/pt\/wp-json\/wp\/v2\/product_cat?post=13087"},{"taxonomy":"product_tag","embeddable":true,"href":"https:\/\/seekmach.com\/pt\/wp-json\/wp\/v2\/product_tag?post=13087"}],"curies":[{"name":"wp","href":"https:\/\/api.w.org\/{rel}","templated":true}]}}