{"id":13069,"date":"2025-07-02T16:02:24","date_gmt":"2025-07-02T08:02:24","guid":{"rendered":"https:\/\/seotest.qilumachinery.com\/?post_type=product&#038;p=13069"},"modified":"2026-03-09T15:05:55","modified_gmt":"2026-03-09T07:05:55","slug":"excavator-auger","status":"publish","type":"product","link":"https:\/\/seekmach.com\/pt\/produtos\/excavator-auger","title":{"rendered":"Escavadeira sem-fim"},"content":{"rendered":"<h4>Caracter\u00edsticas principais:<\/h4>\n<ul>\n<li data-start=\"119\" data-end=\"193\">\n<p data-start=\"121\" data-end=\"193\"><strong data-start=\"121\" data-end=\"145\">N\u00e3o \u00e9 necess\u00e1ria linha de drenagem<\/strong> \u2013 F\u00e1cil instala\u00e7\u00e3o e opera\u00e7\u00e3o sem complica\u00e7\u00f5es<\/p>\n<\/li>\n<li data-start=\"194\" data-end=\"268\">\n<p data-start=\"196\" data-end=\"268\"><strong data-start=\"196\" data-end=\"215\">Torque potente<\/strong> \u2013 Lida com solo duro, rocha e argila sem esfor\u00e7o<\/p>\n<\/li>\n<li data-start=\"269\" data-end=\"370\">\n<p data-start=\"271\" data-end=\"370\"><strong data-start=\"271\" data-end=\"292\">Montagem flex\u00edvel<\/strong> \u2013 Funciona com baldes de pino, acopladores OEM ou de reposi\u00e7\u00e3o e montagens personalizadas<\/p>\n<\/li>\n<li data-start=\"371\" data-end=\"454\">\n<p data-start=\"373\" data-end=\"454\"><strong data-start=\"373\" data-end=\"396\">Suporte de suporte seguro<\/strong> \u2013 Mant\u00e9m a unidade e a broca est\u00e1veis durante o transporte<\/p>\n<\/li>\n<\/ul>\n<p>&nbsp;<\/p>\n<table width=\"521\">\n<tbody>\n<tr>\n<td colspan=\"2\" width=\"521\">Par\u00e2metro<\/td>\n<\/tr>\n<tr>\n<td>Peso da opera\u00e7\u00e3o<\/td>\n<td width=\"175\">2500 kg<\/td>\n<\/tr>\n<tr>\n<td>Motor<\/td>\n<td>Laidong<\/td>\n<\/tr>\n<tr>\n<td>Poder<\/td>\n<td>22,1 kW<\/td>\n<\/tr>\n<tr>\n<td>Capacidade do balde<\/td>\n<td>0,15m\u00b3<\/td>\n<\/tr>\n<tr>\n<td>Gradibilidade<\/td>\n<td>30\u00b0<\/td>\n<\/tr>\n<tr>\n<td colspan=\"2\">Dimens\u00e3o<\/td>\n<\/tr>\n<tr>\n<td>Comprimento total<\/td>\n<td width=\"175\">4400mm<\/td>\n<\/tr>\n<tr>\n<td>Largura total<\/td>\n<td width=\"175\">1300mm<\/td>\n<\/tr>\n<tr>\n<td>Altura total<\/td>\n<td width=\"175\">2300mm<\/td>\n<\/tr>\n<tr>\n<td>Comprimento do solo da trilha<\/td>\n<td>1890 mm<\/td>\n<\/tr>\n<tr>\n<td colspan=\"2\">Especifica\u00e7\u00f5es de desempenho<\/td>\n<\/tr>\n<tr>\n<td>M\u00e1x. Altura de escava\u00e7\u00e3o<\/td>\n<td width=\"175\">3500mm<\/td>\n<\/tr>\n<tr>\n<td>M\u00e1x. Altura de Despejo<\/td>\n<td width=\"175\">2240 mm<\/td>\n<\/tr>\n<tr>\n<td>M\u00e1x. Profundidade de escava\u00e7\u00e3o<\/td>\n<td width=\"175\">2500 mm<\/td>\n<\/tr>\n<tr>\n<td>Raio m\u00e1ximo de escava\u00e7\u00e3o<\/td>\n<td>\u2013<\/td>\n<\/tr>\n<tr>\n<td>Profundidade m\u00e1xima de escava\u00e7\u00e3o vertical<\/td>\n<td width=\"175\">2150 mm<\/td>\n<\/tr>\n<\/tbody>\n<\/table>","protected":false},"excerpt":{"rendered":"<p>Key Features: No drain line needed \u2013 Easy installation and hassle-free operation Powerful torque \u2013 Handles hard ground, rock, and clay effortlessly Flexible mounting \u2013 Works with pin-on buckets, OEM or aftermarket couplers, and custom mounts Secure cradle mount \u2013 Keeps the drive and auger bit stable during transport &nbsp; Parameter Operation weight 2500KGS Engine [&hellip;]<\/p>\n","protected":false},"featured_media":13070,"comment_status":"closed","ping_status":"closed","template":"","meta":[],"product_brand":[],"product_cat":[31,101],"product_tag":[],"class_list":{"0":"post-13069","1":"product","2":"type-product","3":"status-publish","4":"has-post-thumbnail","6":"product_cat-excavator-supplier","7":"product_cat-attachments","9":"first","10":"instock","11":"shipping-taxable","12":"product-type-simple"},"_links":{"self":[{"href":"https:\/\/seekmach.com\/pt\/wp-json\/wp\/v2\/product\/13069","targetHints":{"allow":["GET"]}}],"collection":[{"href":"https:\/\/seekmach.com\/pt\/wp-json\/wp\/v2\/product"}],"about":[{"href":"https:\/\/seekmach.com\/pt\/wp-json\/wp\/v2\/types\/product"}],"replies":[{"embeddable":true,"href":"https:\/\/seekmach.com\/pt\/wp-json\/wp\/v2\/comments?post=13069"}],"wp:featuredmedia":[{"embeddable":true,"href":"https:\/\/seekmach.com\/pt\/wp-json\/wp\/v2\/media\/13070"}],"wp:attachment":[{"href":"https:\/\/seekmach.com\/pt\/wp-json\/wp\/v2\/media?parent=13069"}],"wp:term":[{"taxonomy":"product_brand","embeddable":true,"href":"https:\/\/seekmach.com\/pt\/wp-json\/wp\/v2\/product_brand?post=13069"},{"taxonomy":"product_cat","embeddable":true,"href":"https:\/\/seekmach.com\/pt\/wp-json\/wp\/v2\/product_cat?post=13069"},{"taxonomy":"product_tag","embeddable":true,"href":"https:\/\/seekmach.com\/pt\/wp-json\/wp\/v2\/product_tag?post=13069"}],"curies":[{"name":"wp","href":"https:\/\/api.w.org\/{rel}","templated":true}]}}