{"id":13032,"date":"2025-07-02T15:06:50","date_gmt":"2025-07-02T07:06:50","guid":{"rendered":"https:\/\/seotest.qilumachinery.com\/?post_type=product&#038;p=13032"},"modified":"2026-03-09T15:14:25","modified_gmt":"2026-03-09T07:14:25","slug":"excavator-quick-coupler","status":"publish","type":"product","link":"https:\/\/seekmach.com\/pt\/produtos\/excavator-quick-coupler","title":{"rendered":"Engate r\u00e1pido para escavadeira"},"content":{"rendered":"<p>O motor superior pode evitar eficazmente danos causados por colis\u00f5es, al\u00e9m de facilitar a manuten\u00e7\u00e3o di\u00e1ria, como inspe\u00e7\u00f5es e reparos.<\/p>\n<p>A fun\u00e7\u00e3o de rota\u00e7\u00e3o de 360\u00b0 permite que a escavadeira execute facilmente opera\u00e7\u00f5es de constru\u00e7\u00e3o espec\u00edficas em qualquer dire\u00e7\u00e3o, como escava\u00e7\u00f5es de precis\u00e3o, instala\u00e7\u00e3o de tubula\u00e7\u00f5es, etc., o que melhora significativamente a flexibilidade e a adaptabilidade da opera\u00e7\u00e3o. Simplifica estruturas mec\u00e2nicas desnecess\u00e1rias e facilita a opera\u00e7\u00e3o. Ao reduzir as opera\u00e7\u00f5es manuais, os usu\u00e1rios podem concluir a substitui\u00e7\u00e3o de acess\u00f3rios com facilidade e rapidez. Ao mesmo tempo, a estrutura robusta e dur\u00e1vel permite que o sistema de engate r\u00e1pido rotativo reduza efetivamente os riscos operacionais e garanta a seguran\u00e7a do processo de opera\u00e7\u00e3o.<\/p>\n<h4><\/h4>\n<h4>Os modelos de engate r\u00e1pido para escavadeiras s\u00e3o adequados para:<\/h4>\n<p>Modelo 02 0,8 toneladas\u20133 toneladas Conex\u00e3o r\u00e1pida rotativa Troca r\u00e1pida rotativa<\/p>\n<p>Modelo 04 Aplic\u00e1vel a escavadeiras de 5 a 9 toneladas Conex\u00e3o r\u00e1pida rotativa Troca r\u00e1pida rotativa<\/p>\n<p>Modelo 06 aplic\u00e1vel a escavadeiras de 12 a 16 toneladas.<\/p>\n<p>Modelo 08 aplic\u00e1vel a escavadeiras de 19 a 25 toneladas.<\/p>\n<table width=\"822\">\n<tbody>\n<tr>\n<td width=\"96\">Modelo<\/td>\n<td width=\"147\">0,8T-3T<\/td>\n<td width=\"165\">3,5T-5T<\/td>\n<td width=\"145\">6T-9T<\/td>\n<td width=\"134\">10T-15T<\/td>\n<td width=\"133\">20T-25T<\/td>\n<\/tr>\n<tr>\n<td width=\"96\">Especifica\u00e7\u00e3o<\/td>\n<td width=\"147\">450 mm * 510 mm * 560 mm<\/td>\n<td width=\"165\">550 mm * 550 mm * 580 mm<\/td>\n<td width=\"145\">450 mm * 560 mm * 600 mm<\/td>\n<td width=\"134\">680 mm * 660 mm * 780 mm<\/td>\n<td width=\"133\">866 mm * 753 mm * 833 mm<\/td>\n<\/tr>\n<tr>\n<td width=\"96\">Press\u00e3o (Mpa)<\/td>\n<td width=\"147\">28<\/td>\n<td width=\"165\">28<\/td>\n<td width=\"145\">28<\/td>\n<td width=\"134\">28<\/td>\n<td width=\"133\">30<\/td>\n<\/tr>\n<tr>\n<td width=\"96\">Peso kg<\/td>\n<td width=\"147\">120<\/td>\n<td width=\"165\">160<\/td>\n<td width=\"145\">190<\/td>\n<td width=\"134\">230<\/td>\n<td width=\"133\">360<\/td>\n<\/tr>\n<\/tbody>\n<\/table>","protected":false},"excerpt":{"rendered":"<p>The upper motor can effectively avoid damage caused by collision, and it is also convenient for daily maintenance such as inspection and maintenance. The 360\u00b0 rotation function allows the excavator to easily perform specific construction operations in any direction, such as fine excavation, pipeline installation, etc., which greatly improves the flexibility and adaptability of the [&hellip;]<\/p>\n","protected":false},"featured_media":13035,"comment_status":"closed","ping_status":"closed","template":"","meta":[],"product_brand":[],"product_cat":[101,31],"product_tag":[],"class_list":{"0":"post-13032","1":"product","2":"type-product","3":"status-publish","4":"has-post-thumbnail","6":"product_cat-attachments","7":"product_cat-excavator-supplier","9":"first","10":"instock","11":"shipping-taxable","12":"product-type-simple"},"_links":{"self":[{"href":"https:\/\/seekmach.com\/pt\/wp-json\/wp\/v2\/product\/13032","targetHints":{"allow":["GET"]}}],"collection":[{"href":"https:\/\/seekmach.com\/pt\/wp-json\/wp\/v2\/product"}],"about":[{"href":"https:\/\/seekmach.com\/pt\/wp-json\/wp\/v2\/types\/product"}],"replies":[{"embeddable":true,"href":"https:\/\/seekmach.com\/pt\/wp-json\/wp\/v2\/comments?post=13032"}],"wp:featuredmedia":[{"embeddable":true,"href":"https:\/\/seekmach.com\/pt\/wp-json\/wp\/v2\/media\/13035"}],"wp:attachment":[{"href":"https:\/\/seekmach.com\/pt\/wp-json\/wp\/v2\/media?parent=13032"}],"wp:term":[{"taxonomy":"product_brand","embeddable":true,"href":"https:\/\/seekmach.com\/pt\/wp-json\/wp\/v2\/product_brand?post=13032"},{"taxonomy":"product_cat","embeddable":true,"href":"https:\/\/seekmach.com\/pt\/wp-json\/wp\/v2\/product_cat?post=13032"},{"taxonomy":"product_tag","embeddable":true,"href":"https:\/\/seekmach.com\/pt\/wp-json\/wp\/v2\/product_tag?post=13032"}],"curies":[{"name":"wp","href":"https:\/\/api.w.org\/{rel}","templated":true}]}}