{"id":10629,"date":"2024-03-19T15:49:32","date_gmt":"2024-03-19T07:49:32","guid":{"rendered":"https:\/\/seotest.qilumachinery.com\/?post_type=product&#038;p=10629"},"modified":"2026-03-09T15:23:34","modified_gmt":"2026-03-09T07:23:34","slug":"sm1100-mini-skid-steer-loader","status":"publish","type":"product","link":"https:\/\/seekmach.com\/pt\/produtos\/sm1100-mini-skid-steer-loader","title":{"rendered":"Mini Skid Steer Loader SM-390T"},"content":{"rendered":"<h2><strong>Cen\u00e1rios de aplica\u00e7\u00e3o<\/strong><\/h2>\n<p><img fetchpriority=\"high\" decoding=\"async\" class=\"alignleft size-full wp-image-20829\" src=\"https:\/\/seekmach.com\/wp-content\/uploads\/2024\/03\/25-1.jpg\" alt=\"\" width=\"630\" height=\"360\" srcset=\"https:\/\/seekmach.com\/wp-content\/uploads\/2024\/03\/25-1.jpg 630w, https:\/\/seekmach.com\/wp-content\/uploads\/2024\/03\/25-1-300x171.jpg 300w, https:\/\/seekmach.com\/wp-content\/uploads\/2024\/03\/25-1-150x86.jpg 150w, https:\/\/seekmach.com\/wp-content\/uploads\/2024\/03\/25-1-18x10.jpg 18w, https:\/\/seekmach.com\/wp-content\/uploads\/2024\/03\/25-1-500x286.jpg 500w\" sizes=\"(max-width: 630px) 100vw, 630px\" \/> <img decoding=\"async\" class=\"alignleft size-full wp-image-20830\" src=\"https:\/\/seekmach.com\/wp-content\/uploads\/2024\/03\/26-1.jpg\" alt=\"\" width=\"630\" height=\"360\" srcset=\"https:\/\/seekmach.com\/wp-content\/uploads\/2024\/03\/26-1.jpg 630w, https:\/\/seekmach.com\/wp-content\/uploads\/2024\/03\/26-1-300x171.jpg 300w, https:\/\/seekmach.com\/wp-content\/uploads\/2024\/03\/26-1-150x86.jpg 150w, https:\/\/seekmach.com\/wp-content\/uploads\/2024\/03\/26-1-18x10.jpg 18w, https:\/\/seekmach.com\/wp-content\/uploads\/2024\/03\/26-1-500x286.jpg 500w\" sizes=\"(max-width: 630px) 100vw, 630px\" \/> <img decoding=\"async\" class=\"alignleft size-full wp-image-20831\" src=\"https:\/\/seekmach.com\/wp-content\/uploads\/2024\/03\/27-1.jpg\" alt=\"\" width=\"630\" height=\"360\" srcset=\"https:\/\/seekmach.com\/wp-content\/uploads\/2024\/03\/27-1.jpg 630w, https:\/\/seekmach.com\/wp-content\/uploads\/2024\/03\/27-1-300x171.jpg 300w, https:\/\/seekmach.com\/wp-content\/uploads\/2024\/03\/27-1-150x86.jpg 150w, https:\/\/seekmach.com\/wp-content\/uploads\/2024\/03\/27-1-18x10.jpg 18w, https:\/\/seekmach.com\/wp-content\/uploads\/2024\/03\/27-1-500x286.jpg 500w\" sizes=\"(max-width: 630px) 100vw, 630px\" \/> <img loading=\"lazy\" decoding=\"async\" class=\"alignleft size-full wp-image-20832\" src=\"https:\/\/seekmach.com\/wp-content\/uploads\/2024\/03\/28-1.jpg\" alt=\"\" width=\"630\" height=\"360\" srcset=\"https:\/\/seekmach.com\/wp-content\/uploads\/2024\/03\/28-1.jpg 630w, https:\/\/seekmach.com\/wp-content\/uploads\/2024\/03\/28-1-300x171.jpg 300w, https:\/\/seekmach.com\/wp-content\/uploads\/2024\/03\/28-1-150x86.jpg 150w, https:\/\/seekmach.com\/wp-content\/uploads\/2024\/03\/28-1-18x10.jpg 18w, https:\/\/seekmach.com\/wp-content\/uploads\/2024\/03\/28-1-500x286.jpg 500w\" sizes=\"(max-width: 630px) 100vw, 630px\" \/><\/p>","protected":false},"excerpt":{"rendered":"<p><span data-path-to-node=\"2,4,1,0\">Max. travel speed\uff1a4<strong>km\/h<\/strong><\/span><\/p>\n<p>Max. ground clearance\uff1a190<strong>mil\u00edmetros<\/strong><\/p>\n<p>Max. pin height\uff1a<strong>2590mm<\/strong><\/p>\n<p>Max. turning radius\uff1a<strong>1660mm<\/strong><\/p>\n<p>Max. bucket tilt angle\uff1a<strong>107\u00b0<\/strong><\/p>","protected":false},"featured_media":19233,"comment_status":"closed","ping_status":"closed","template":"","meta":[],"product_brand":[],"product_cat":[93],"product_tag":[],"class_list":{"0":"post-10629","1":"product","2":"type-product","3":"status-publish","4":"has-post-thumbnail","6":"product_cat-skid-steer-loader","8":"first","9":"instock","10":"shipping-taxable","11":"product-type-simple"},"_links":{"self":[{"href":"https:\/\/seekmach.com\/pt\/wp-json\/wp\/v2\/product\/10629","targetHints":{"allow":["GET"]}}],"collection":[{"href":"https:\/\/seekmach.com\/pt\/wp-json\/wp\/v2\/product"}],"about":[{"href":"https:\/\/seekmach.com\/pt\/wp-json\/wp\/v2\/types\/product"}],"replies":[{"embeddable":true,"href":"https:\/\/seekmach.com\/pt\/wp-json\/wp\/v2\/comments?post=10629"}],"wp:featuredmedia":[{"embeddable":true,"href":"https:\/\/seekmach.com\/pt\/wp-json\/wp\/v2\/media\/19233"}],"wp:attachment":[{"href":"https:\/\/seekmach.com\/pt\/wp-json\/wp\/v2\/media?parent=10629"}],"wp:term":[{"taxonomy":"product_brand","embeddable":true,"href":"https:\/\/seekmach.com\/pt\/wp-json\/wp\/v2\/product_brand?post=10629"},{"taxonomy":"product_cat","embeddable":true,"href":"https:\/\/seekmach.com\/pt\/wp-json\/wp\/v2\/product_cat?post=10629"},{"taxonomy":"product_tag","embeddable":true,"href":"https:\/\/seekmach.com\/pt\/wp-json\/wp\/v2\/product_tag?post=10629"}],"curies":[{"name":"wp","href":"https:\/\/api.w.org\/{rel}","templated":true}]}}