{"id":10605,"date":"2024-03-19T13:37:29","date_gmt":"2024-03-19T05:37:29","guid":{"rendered":"https:\/\/seotest.qilumachinery.com\/?post_type=product&#038;p=10605"},"modified":"2026-03-04T15:30:21","modified_gmt":"2026-03-04T07:30:21","slug":"sm2200","status":"publish","type":"product","link":"https:\/\/seekmach.com\/pt\/produtos\/sm2200","title":{"rendered":"Small Skid Steer Loader SM2200"},"content":{"rendered":"<h3>Minicarregadeira QL2200<\/h3>\n<ul>\n<li><strong>Excelente efici\u00eancia de trabalho<\/strong><br \/>\nO QL2200 est\u00e1 equipado com controle eletr\u00f4nico do motor e acelerador eletr\u00f4nico manual e de pedal. Seu design de acelera\u00e7\u00e3o dupla ajusta dinamicamente a rota\u00e7\u00e3o do motor com base nas varia\u00e7\u00f5es de carga, evitando altas RPM durante per\u00edodos de baixo consumo de energia, resultando em uma redu\u00e7\u00e3o no consumo de combust\u00edvel de mais de 8%.<\/li>\n<li><strong>Estrutura dur\u00e1vel para ambientes de constru\u00e7\u00e3o vers\u00e1teis<\/strong><br \/>\nO tanque de \u00f3leo hidr\u00e1ulico, o tanque de combust\u00edvel, a caixa da esteira e o chassi s\u00e3o integrados a uma estrutura soldada, apresentando um design de carroceria robusto e materiais de a\u00e7o de alta resist\u00eancia, proporcionando suporte confi\u00e1vel para trabalhos pesados cont\u00ednuos e a capacidade de transportar acess\u00f3rios de carga pesada.<\/li>\n<li><strong>Controle sem esfor\u00e7o com opera\u00e7\u00e3o piloto<\/strong><br \/>\nO QL2200 apresenta a opera\u00e7\u00e3o precisa e leve da alavanca piloto italiana EBI, reduzindo a fadiga. O layout centralizado do interruptor da al\u00e7a multifuncional aumenta a precis\u00e3o do controle, melhorando muito a suavidade e a precis\u00e3o dos movimentos.<\/li>\n<li><strong>Sistema de seguran\u00e7a veicular confi\u00e1vel e de alta qualidade<\/strong><br \/>\nO design da minicarregadeira SeekMach reflete uma filosofia orientada para as pessoas e que prioriza a seguran\u00e7a, com dispositivos de inspe\u00e7\u00e3o de seguran\u00e7a de tr\u00eas n\u00edveis, incluindo freio de estacionamento, porta do motorista e barra de seguran\u00e7a, garantindo a seguran\u00e7a operacional do motorista.<\/li>\n<li><strong>Manuten\u00e7\u00e3o conveniente e f\u00e1cil<\/strong><br \/>\nO espa\u00e7o de servi\u00e7o foi projetado para ser conveniente, com um agrupamento centralizado de pontos de manuten\u00e7\u00e3o di\u00e1ria. Os pontos de manuten\u00e7\u00e3o s\u00e3o facilmente acess\u00edveis, permitindo uma manuten\u00e7\u00e3o r\u00e1pida e descomplicada, economizando tempo significativamente. A porta do compartimento traseiro da m\u00e1quina pode ser aberta convenientemente para inspe\u00e7\u00f5es de rotina.<\/li>\n<\/ul>\n<h3>Caracter\u00edsticas<\/h3>\n<p>A minicarregadeira SeekMach possui tra\u00e7\u00e3o integral e dire\u00e7\u00e3o deslizante, permitindo a intercambialidade r\u00e1pida e f\u00e1cil de v\u00e1rias ferramentas de trabalho para atender a diversos requisitos de trabalho. Com o engate r\u00e1pido italiano FASTER e sua fun\u00e7\u00e3o de al\u00edvio autom\u00e1tico, conectar os acess\u00f3rios \u00e9 simples, economiza tempo e n\u00e3o requer esfor\u00e7o, exigindo apenas alguns minutos sem a necessidade de ferramentas adicionais. Combinada com conectores de avia\u00e7\u00e3o Deutsch, nossa carregadeira garante desempenho confi\u00e1vel e permite controle cont\u00ednuo de acess\u00f3rios complexos, resultando em maior efici\u00eancia de trabalho. Seja para paisagismo, reparos de estradas, manuten\u00e7\u00e3o municipal, aplica\u00e7\u00f5es agr\u00edcolas, demoli\u00e7\u00e3o de constru\u00e7\u00f5es ou limpeza de armaz\u00e9ns, nossa minicarregadeira est\u00e1 sempre ocupada trabalhando!<\/p>\n<p><img fetchpriority=\"high\" decoding=\"async\" class=\"aligncenter size-full wp-image-10611\" src=\"https:\/\/seotest.SeekMachmachinery.com\/wp-content\/uploads\/2024\/03\/ttt.png\" alt=\"\" width=\"982\" height=\"609\" \/><\/p>","protected":false},"excerpt":{"rendered":"<table style=\"border-collapse: collapse; width: 667.52pt;\" border=\"0\" width=\"890\" cellspacing=\"0\" cellpadding=\"0\">\n<tbody>\n<tr style=\"height: 20.00pt;\">\n<td class=\"et2\" style=\"height: 20.00pt; width: 363.80pt;\" width=\"485\" height=\"26\">M\u00e9todo de controle<\/td>\n<td class=\"et2\" style=\"width: 303.80pt;\" width=\"405\">Controle piloto<\/td>\n<\/tr>\n<tr style=\"height: 20.00pt;\">\n<td class=\"et2\" style=\"height: 20.00pt;\" height=\"26\">Motor<\/td>\n<td class=\"et2\">Motor japon\u00eas Yanmar 4TNV98CT<\/td>\n<\/tr>\n<tr style=\"height: 20.00pt;\">\n<td class=\"et2\" style=\"height: 20.00pt;\" height=\"26\">Bomba itinerante<\/td>\n<td class=\"et2\">Bomba de pist\u00e3o itinerante alem\u00e3 Rexroth<\/td>\n<\/tr>\n<tr style=\"height: 20.00pt;\">\n<td class=\"et2\" style=\"height: 20.00pt;\" height=\"26\">Motor de viagem<\/td>\n<td class=\"et2\">Motor de \u00eambolo m\u00f3vel Rexroth alem\u00e3o<\/td>\n<\/tr>\n<tr style=\"height: 20.00pt;\">\n<td class=\"et2\" style=\"height: 20.00pt;\" height=\"26\">Bomba funcionando<\/td>\n<td class=\"et2\">Bomba de \u00f3leo de engrenagem italiana Casappa<\/td>\n<\/tr>\n<tr style=\"height: 20.00pt;\">\n<td class=\"et2\" style=\"height: 20.00pt;\" height=\"26\">Al\u00e7a de controle<\/td>\n<td class=\"et2\">Al\u00e7a de controle piloto EBI italiana<\/td>\n<\/tr>\n<tr style=\"height: 20.00pt;\">\n<td class=\"et2\" style=\"height: 20.00pt;\" height=\"26\">V\u00e1lvula de nivelamento<\/td>\n<td class=\"et2\">V\u00e1lvula de nivelamento NEM italiana<\/td>\n<\/tr>\n<tr style=\"height: 20.00pt;\">\n<td class=\"et2\" style=\"height: 20.00pt;\" height=\"26\">Acoplador r\u00e1pido hidr\u00e1ulico<\/td>\n<td class=\"et2\">Acoplador r\u00e1pido hidr\u00e1ulico de autodescarregamento mais r\u00e1pido italiano<\/td>\n<\/tr>\n<tr style=\"height: 20.00pt;\">\n<td class=\"et2\" style=\"height: 20.00pt;\" height=\"26\">Corrente de transmiss\u00e3o<\/td>\n<td class=\"et2\">Corrente de transmiss\u00e3o japonesa Tsubaki<\/td>\n<\/tr>\n<\/tbody>\n<\/table>","protected":false},"featured_media":0,"comment_status":"closed","ping_status":"closed","template":"","meta":[],"product_brand":[],"product_cat":[20],"product_tag":[],"class_list":{"0":"post-10605","1":"product","2":"type-product","3":"status-publish","5":"product_cat-uncategorized","7":"first","8":"instock","9":"shipping-taxable","10":"product-type-simple"},"_links":{"self":[{"href":"https:\/\/seekmach.com\/pt\/wp-json\/wp\/v2\/product\/10605","targetHints":{"allow":["GET"]}}],"collection":[{"href":"https:\/\/seekmach.com\/pt\/wp-json\/wp\/v2\/product"}],"about":[{"href":"https:\/\/seekmach.com\/pt\/wp-json\/wp\/v2\/types\/product"}],"replies":[{"embeddable":true,"href":"https:\/\/seekmach.com\/pt\/wp-json\/wp\/v2\/comments?post=10605"}],"wp:attachment":[{"href":"https:\/\/seekmach.com\/pt\/wp-json\/wp\/v2\/media?parent=10605"}],"wp:term":[{"taxonomy":"product_brand","embeddable":true,"href":"https:\/\/seekmach.com\/pt\/wp-json\/wp\/v2\/product_brand?post=10605"},{"taxonomy":"product_cat","embeddable":true,"href":"https:\/\/seekmach.com\/pt\/wp-json\/wp\/v2\/product_cat?post=10605"},{"taxonomy":"product_tag","embeddable":true,"href":"https:\/\/seekmach.com\/pt\/wp-json\/wp\/v2\/product_tag?post=10605"}],"curies":[{"name":"wp","href":"https:\/\/api.w.org\/{rel}","templated":true}]}}