{"id":2299,"date":"2021-12-16T06:34:01","date_gmt":"2021-12-16T06:34:01","guid":{"rendered":"https:\/\/seotest.qilumachinery.com\/?post_type=product&#038;p=2299"},"modified":"2026-01-05T15:04:57","modified_gmt":"2026-01-05T07:04:57","slug":"qln-17pro","status":"publish","type":"product","link":"https:\/\/seekmach.com\/fr\/produit\/qln-17pro","title":{"rendered":"Mini-pelle chinoise 1,7 T"},"content":{"rendered":"<h3>China 1.7T Mini Excavator QLN-17Pro<\/h3>\n<ul>\n<li>Looking for a reliable and efficient mini excavator that can handle your landscaping or construction needs? Our <a href=\"https:\/\/seotest.SeekMachmachinery.com\/why-the-1-7-ton-excavator-is-perfect-for-small-construction-projects\/\" target=\"_blank\" rel=\"noopener\">1.7 ton mini excavator<\/a> with roof, hydraulic pilot control, arm swing boom, 0-tail design, Yanmar 3 cylinder diesel engine, and optional chassis stretch, Fan cabin, and heating cabin is the perfect solution.<\/li>\n<li>Avec un poids en ordre de marche de seulement 1,7 tonne, cette mini-pelle est compacte et maniable, ce qui la rend facile \u00e0 utiliser dans les espaces restreints et les passages \u00e9troits. Le syst\u00e8me de commande pilote hydraulique offre un contr\u00f4le fluide et pr\u00e9cis, garantissant une efficacit\u00e9 et une productivit\u00e9 maximales sur le chantier.<\/li>\n<li>Propuls\u00e9e par un moteur diesel Yanmar 3 cylindres hautes performances, cette mini-pelle offre une puissance et une efficacit\u00e9 \u00e9nerg\u00e9tique exceptionnelles, ce qui la rend id\u00e9ale pour une large gamme d&#039;applications. Il est \u00e9galement certifi\u00e9 avec les certificats EURO5 et EPA, garantissant qu&#039;il respecte m\u00eame les r\u00e9glementations environnementales les plus strictes.<\/li>\n<li>Cette mini-pelle est dot\u00e9e d&#039;une fl\u00e8che \u00e0 bras oscillant et d&#039;une conception de queue 0, offrant une excellente stabilit\u00e9 et un contr\u00f4le pour des performances optimales. Les op\u00e9rateurs peuvent personnaliser davantage leur exp\u00e9rience avec des mises \u00e0 niveau optionnelles telles qu&#039;un tron\u00e7on de ch\u00e2ssis, une cabine de ventilateur et une cabine de chauffage, garantissant confort et commodit\u00e9 pendant les longues heures de fonctionnement.<\/li>\n<li>Our 1.7 ton mini excavator with roof, hydraulic pilot control, arm swing boom, 0 tail design, Yanmar 3-cylinder diesel engine, and optional chassis stretch, fan cabin, and heating cabin is designed to meet the demanding needs of modern landscaping and construction operations. Whether you need to dig trenches, clear debris, or perform other essential tasks, our product delivers top-quality equipment at an affordable price. Contact us today to learn more about our products and how we can help you achieve success in your operations.<\/li>\n<\/ul>\n<table width=\"521\">\n<tbody>\n<tr>\n<td colspan=\"2\" width=\"521\">Param\u00e8tre<\/td>\n<\/tr>\n<tr>\n<td>Poids de fonctionnement<\/td>\n<td width=\"175\">1700KGS<\/td>\n<\/tr>\n<tr>\n<td>Moteur<\/td>\n<td>Kubota<\/td>\n<\/tr>\n<tr>\n<td>Du pouvoir<\/td>\n<td>10,2 kW<\/td>\n<\/tr>\n<tr>\n<td>Capacit\u00e9 du seau<\/td>\n<td>0,04 m\u00b3<\/td>\n<\/tr>\n<tr>\n<td>Pente<\/td>\n<td>30\u00b0<\/td>\n<\/tr>\n<tr>\n<td colspan=\"2\">Dimension<\/td>\n<\/tr>\n<tr>\n<td>Longueur totale<\/td>\n<td width=\"175\">3300 mm<\/td>\n<\/tr>\n<tr>\n<td>Largeur hors tout<\/td>\n<td width=\"175\">1110mm<\/td>\n<\/tr>\n<tr>\n<td>Hauteur totale<\/td>\n<td width=\"175\">2360mm<\/td>\n<\/tr>\n<tr>\n<td>Empattement<\/td>\n<td>875 mm<\/td>\n<\/tr>\n<tr>\n<td colspan=\"2\">Sp\u00e9cifications de performance<\/td>\n<\/tr>\n<tr>\n<td>Max. Hauteur de creusement<\/td>\n<td width=\"175\">3310mm<\/td>\n<\/tr>\n<tr>\n<td>Max. Hauteur de d\u00e9versement<\/td>\n<td width=\"175\">2370mm<\/td>\n<\/tr>\n<tr>\n<td>Max. Profondeur de creusement<\/td>\n<td width=\"175\">2120mm<\/td>\n<\/tr>\n<tr>\n<td>Rayon de creusement maximal<\/td>\n<td>3640mm<\/td>\n<\/tr>\n<tr>\n<td>Profondeur de creusement verticale maximale<\/td>\n<td width=\"175\">1535mm<\/td>\n<\/tr>\n<\/tbody>\n<\/table>","protected":false},"excerpt":{"rendered":"<p>Max. Hauteur de creusement : 3310 mm<\/p>\n<p>Max. Hauteur de d\u00e9versement : 2370 mm<\/p>\n<p>Max. Profondeur de creusement : 2120mm<\/p>\n<p>Profondeur maximale d&#039;excavation du bras vertical : 1535 mm<\/p>\n<p>Max. Distance de creusement : 3640 mm<\/p>\n<p>Max. Distance de creusement au sol : 3570mm<\/p>","protected":false},"featured_media":0,"comment_status":"closed","ping_status":"closed","template":"","meta":[],"product_brand":[],"product_cat":[20],"product_tag":[],"class_list":{"0":"post-2299","1":"product","2":"type-product","3":"status-publish","5":"product_cat-uncategorized","7":"first","8":"instock","9":"shipping-taxable","10":"product-type-simple"},"_links":{"self":[{"href":"https:\/\/seekmach.com\/fr\/wp-json\/wp\/v2\/product\/2299","targetHints":{"allow":["GET"]}}],"collection":[{"href":"https:\/\/seekmach.com\/fr\/wp-json\/wp\/v2\/product"}],"about":[{"href":"https:\/\/seekmach.com\/fr\/wp-json\/wp\/v2\/types\/product"}],"replies":[{"embeddable":true,"href":"https:\/\/seekmach.com\/fr\/wp-json\/wp\/v2\/comments?post=2299"}],"wp:attachment":[{"href":"https:\/\/seekmach.com\/fr\/wp-json\/wp\/v2\/media?parent=2299"}],"wp:term":[{"taxonomy":"product_brand","embeddable":true,"href":"https:\/\/seekmach.com\/fr\/wp-json\/wp\/v2\/product_brand?post=2299"},{"taxonomy":"product_cat","embeddable":true,"href":"https:\/\/seekmach.com\/fr\/wp-json\/wp\/v2\/product_cat?post=2299"},{"taxonomy":"product_tag","embeddable":true,"href":"https:\/\/seekmach.com\/fr\/wp-json\/wp\/v2\/product_tag?post=2299"}],"curies":[{"name":"wp","href":"https:\/\/api.w.org\/{rel}","templated":true}]}}