{"id":13040,"date":"2025-07-02T15:18:25","date_gmt":"2025-07-02T07:18:25","guid":{"rendered":"https:\/\/seotest.qilumachinery.com\/?post_type=product&#038;p=13040"},"modified":"2026-03-09T15:13:19","modified_gmt":"2026-03-09T07:13:19","slug":"hydraulic-quick-coupler","status":"publish","type":"product","link":"https:\/\/seekmach.com\/fr\/produit\/hydraulic-quick-coupler","title":{"rendered":"Coupleur rapide hydraulique"},"content":{"rendered":"<p>Le v\u00e9rin pivotant \u00e0 180\u00b0 pr\u00e9sente une structure plus compacte et peut pivoter simultan\u00e9ment \u00e0 gauche et \u00e0 droite, am\u00e9liorant ainsi la flexibilit\u00e9 et la stabilit\u00e9 de l&#039;\u00e9quipement. Cette conception r\u00e9duit efficacement l&#039;encombrement, am\u00e9liore l&#039;efficacit\u00e9 op\u00e9rationnelle et s&#039;adapte \u00e0 des conditions de travail complexes. Le capot arri\u00e8re amovible innovant simplifie l&#039;entretien quotidien. Vous pouvez facilement visualiser les composants internes pour le nettoyage et l&#039;inspection, et remplacer rapidement les pi\u00e8ces sans outils professionnels. Cette conception am\u00e9liore non seulement la facilit\u00e9 d&#039;entretien de l&#039;\u00e9quipement, mais r\u00e9duit \u00e9galement les co\u00fbts de maintenance, garantissant ainsi un fonctionnement stable et durable.<\/p>\n<p>&nbsp;<\/p>\n<h4>Les mod\u00e8les de coupleurs rapides hydrauliques sont applicables \u00e0 :<\/h4>\n<p>02 Mod\u00e8le 0,8 tonne\u20133 tonnes Connexion rapide pivotante Changement rapide d&#039;inclinaison<\/p>\n<p>04 Mod\u00e8le applicable aux excavatrices de 5 \u00e0 9 tonnes Connexion rapide de pivotement Changement rapide d&#039;inclinaison<\/p>\n<p>06 Mod\u00e8le applicable aux excavatrices de 12 \u00e0 16 tonnes 08 Mod\u00e8le applicable aux excavatrices de 19 \u00e0 25 tonnes<\/p>\n<table width=\"686\">\n<tbody>\n<tr>\n<td width=\"95\">Mod\u00e8le<\/td>\n<td width=\"148\">0,8T-3T<\/td>\n<td width=\"165\">3,5T-5T<\/td>\n<td width=\"144\">6T<\/td>\n<td width=\"133\">8T<\/td>\n<\/tr>\n<tr>\n<td width=\"95\">sp\u00e9cification<\/td>\n<td width=\"148\">386 mm * 198 mm * 448 mm<\/td>\n<td width=\"165\">402 mm x 225 mm x 520 mm<\/td>\n<td width=\"144\">486 mm x 275 mm x 628 mm<\/td>\n<td width=\"133\">486 mm x 275 mm x 628 mm<\/td>\n<\/tr>\n<tr>\n<td width=\"95\">Pression (Mpa)<\/td>\n<td width=\"148\">28<\/td>\n<td width=\"165\">28<\/td>\n<td width=\"144\">28<\/td>\n<td width=\"133\">28<\/td>\n<\/tr>\n<tr>\n<td width=\"95\">Poids kg<\/td>\n<td width=\"148\">98<\/td>\n<td width=\"165\">126<\/td>\n<td width=\"144\">169<\/td>\n<td width=\"133\">169<\/td>\n<\/tr>\n<\/tbody>\n<\/table>","protected":false},"excerpt":{"rendered":"<p>The 180\u00b0 swing cylinder has a more compact structure and can swing left and right at the same time, which improves the flexibility and stability of the equipment. This design effectively reduces space occupancy, enhances operating efficiency, and is suitable for a variety of complex working conditions. The innovative removable rear cover design makes your [&hellip;]<\/p>\n","protected":false},"featured_media":13686,"comment_status":"closed","ping_status":"closed","template":"","meta":[],"product_brand":[],"product_cat":[31,101],"product_tag":[],"class_list":{"0":"post-13040","1":"product","2":"type-product","3":"status-publish","4":"has-post-thumbnail","6":"product_cat-excavator-supplier","7":"product_cat-attachments","9":"first","10":"instock","11":"shipping-taxable","12":"product-type-simple"},"_links":{"self":[{"href":"https:\/\/seekmach.com\/fr\/wp-json\/wp\/v2\/product\/13040","targetHints":{"allow":["GET"]}}],"collection":[{"href":"https:\/\/seekmach.com\/fr\/wp-json\/wp\/v2\/product"}],"about":[{"href":"https:\/\/seekmach.com\/fr\/wp-json\/wp\/v2\/types\/product"}],"replies":[{"embeddable":true,"href":"https:\/\/seekmach.com\/fr\/wp-json\/wp\/v2\/comments?post=13040"}],"wp:featuredmedia":[{"embeddable":true,"href":"https:\/\/seekmach.com\/fr\/wp-json\/wp\/v2\/media\/13686"}],"wp:attachment":[{"href":"https:\/\/seekmach.com\/fr\/wp-json\/wp\/v2\/media?parent=13040"}],"wp:term":[{"taxonomy":"product_brand","embeddable":true,"href":"https:\/\/seekmach.com\/fr\/wp-json\/wp\/v2\/product_brand?post=13040"},{"taxonomy":"product_cat","embeddable":true,"href":"https:\/\/seekmach.com\/fr\/wp-json\/wp\/v2\/product_cat?post=13040"},{"taxonomy":"product_tag","embeddable":true,"href":"https:\/\/seekmach.com\/fr\/wp-json\/wp\/v2\/product_tag?post=13040"}],"curies":[{"name":"wp","href":"https:\/\/api.w.org\/{rel}","templated":true}]}}