{"id":10605,"date":"2024-03-19T13:37:29","date_gmt":"2024-03-19T05:37:29","guid":{"rendered":"https:\/\/seotest.qilumachinery.com\/?post_type=product&#038;p=10605"},"modified":"2026-03-04T15:30:21","modified_gmt":"2026-03-04T07:30:21","slug":"sm2200","status":"publish","type":"product","link":"https:\/\/seekmach.com\/fr\/produit\/sm2200","title":{"rendered":"Small Skid Steer Loader SM2200"},"content":{"rendered":"<h3>Chargeuse compacte QL2200<\/h3>\n<ul>\n<li><strong>Excellente efficacit\u00e9 de travail<\/strong><br \/>\nLe QL2200 est \u00e9quip\u00e9 d&#039;une commande \u00e9lectronique du moteur et d&#039;un acc\u00e9l\u00e9rateur \u00e9lectronique \u00e0 main et au pied. Sa conception \u00e0 double papillon ajuste dynamiquement le r\u00e9gime moteur en fonction des variations de charge, \u00e9vitant ainsi des r\u00e9gimes \u00e9lev\u00e9s pendant les p\u00e9riodes de faible consommation d&#039;\u00e9nergie, ce qui entra\u00eene une r\u00e9duction de la consommation de carburant de plus de 8%.<\/li>\n<li><strong>Structure durable pour des environnements de construction polyvalents<\/strong><br \/>\nLe r\u00e9servoir d&#039;huile hydraulique, le r\u00e9servoir de carburant, la bo\u00eete de chenilles et le ch\u00e2ssis sont int\u00e9gr\u00e9s dans une structure soud\u00e9e, dot\u00e9e d&#039;une conception de carrosserie robuste et de mat\u00e9riaux en acier \u00e0 haute r\u00e9sistance, offrant un support fiable pour les travaux lourds continus et la capacit\u00e9 de transporter des accessoires de charge lourde.<\/li>\n<li><strong>Contr\u00f4le sans effort avec fonctionnement pilote<\/strong><br \/>\nLe QL2200 pr\u00e9sente le fonctionnement pr\u00e9cis et l\u00e9ger de la poign\u00e9e pilote italienne EBI, r\u00e9duisant ainsi la fatigue. La disposition centralis\u00e9e des interrupteurs de la poign\u00e9e multifonction am\u00e9liore la pr\u00e9cision du contr\u00f4le, am\u00e9liorant consid\u00e9rablement la douceur et la pr\u00e9cision des mouvements.<\/li>\n<li><strong>Syst\u00e8me de s\u00e9curit\u00e9 des v\u00e9hicules fiable et de haute qualit\u00e9<\/strong><br \/>\nLa conception de la chargeuse compacte SeekMach refl\u00e8te une philosophie ax\u00e9e sur l&#039;humain et la s\u00e9curit\u00e9 avant tout, avec des dispositifs d&#039;inspection de s\u00e9curit\u00e9 \u00e0 trois niveaux comprenant le frein de stationnement, la porte conducteur et la barre de s\u00e9curit\u00e9, garantissant la s\u00e9curit\u00e9 op\u00e9rationnelle du conducteur.<\/li>\n<li><strong>Entretien pratique et facile<\/strong><br \/>\nL&#039;espace de service est con\u00e7u pour \u00eatre pratique, avec un regroupement centralis\u00e9 des points de maintenance quotidienne. Les points de maintenance sont facilement accessibles, permettant une maintenance rapide et sans tracas, ce qui permet un gain de temps consid\u00e9rable. La porte du compartiment arri\u00e8re de la machine peut \u00eatre facilement ouverte pour les inspections de routine.<\/li>\n<\/ul>\n<h3>Caract\u00e9ristiques<\/h3>\n<p>La chargeuse compacte SeekMach est dot\u00e9e d&#039;une transmission int\u00e9grale et d&#039;une direction antid\u00e9rapante, permettant une interchangeabilit\u00e9 rapide et facile de divers outils de travail pour r\u00e9pondre \u00e0 diverses exigences de travail. Avec l&#039;attache rapide italienne FASTER et sa fonction d&#039;auto-soulagement, la connexion des accessoires est simple, rapide et sans effort, ne n\u00e9cessitant que quelques minutes sans avoir besoin d&#039;outils suppl\u00e9mentaires. Associ\u00e9 aux connecteurs d&#039;aviation Deutsch, notre chargeur garantit des performances fiables et permet un contr\u00f4le transparent des accessoires complexes, ce qui se traduit par une efficacit\u00e9 de travail plus \u00e9lev\u00e9e. Que ce soit pour l&#039;am\u00e9nagement paysager, la r\u00e9paration de routes, l&#039;entretien municipal, les applications agricoles, la d\u00e9molition de construction ou le d\u00e9barras d&#039;entrep\u00f4t, notre chargeuse compacte est toujours occup\u00e9e au travail !<\/p>\n<p><img fetchpriority=\"high\" decoding=\"async\" class=\"aligncenter size-full wp-image-10611\" src=\"https:\/\/seotest.SeekMachmachinery.com\/wp-content\/uploads\/2024\/03\/ttt.png\" alt=\"\" width=\"982\" height=\"609\" \/><\/p>","protected":false},"excerpt":{"rendered":"<table style=\"border-collapse: collapse; width: 667.52pt;\" border=\"0\" width=\"890\" cellspacing=\"0\" cellpadding=\"0\">\n<tbody>\n<tr style=\"height: 20.00pt;\">\n<td class=\"et2\" style=\"height: 20.00pt; width: 363.80pt;\" width=\"485\" height=\"26\">Methode de CONTROLE<\/td>\n<td class=\"et2\" style=\"width: 303.80pt;\" width=\"405\">Contr\u00f4le pilote<\/td>\n<\/tr>\n<tr style=\"height: 20.00pt;\">\n<td class=\"et2\" style=\"height: 20.00pt;\" height=\"26\">Moteur<\/td>\n<td class=\"et2\">Moteur japonais Yanmar 4TNV98CT<\/td>\n<\/tr>\n<tr style=\"height: 20.00pt;\">\n<td class=\"et2\" style=\"height: 20.00pt;\" height=\"26\">Pompe de voyage<\/td>\n<td class=\"et2\">Pompe \u00e0 piston mobile allemande Rexroth<\/td>\n<\/tr>\n<tr style=\"height: 20.00pt;\">\n<td class=\"et2\" style=\"height: 20.00pt;\" height=\"26\">Moteur de voyage<\/td>\n<td class=\"et2\">Moteur \u00e0 piston mobile allemand Rexroth<\/td>\n<\/tr>\n<tr style=\"height: 20.00pt;\">\n<td class=\"et2\" style=\"height: 20.00pt;\" height=\"26\">Pompe de travail<\/td>\n<td class=\"et2\">Pompe \u00e0 huile pour engrenages italienne Casappa<\/td>\n<\/tr>\n<tr style=\"height: 20.00pt;\">\n<td class=\"et2\" style=\"height: 20.00pt;\" height=\"26\">Poign\u00e9e de commande<\/td>\n<td class=\"et2\">Poign\u00e9e de commande pilote italienne EBI<\/td>\n<\/tr>\n<tr style=\"height: 20.00pt;\">\n<td class=\"et2\" style=\"height: 20.00pt;\" height=\"26\">Vanne de nivellement<\/td>\n<td class=\"et2\">Vanne de nivellement italienne NEM<\/td>\n<\/tr>\n<tr style=\"height: 20.00pt;\">\n<td class=\"et2\" style=\"height: 20.00pt;\" height=\"26\">Attache rapide hydraulique<\/td>\n<td class=\"et2\">Attache rapide hydraulique \u00e0 auto-d\u00e9chargement plus rapide italienne<\/td>\n<\/tr>\n<tr style=\"height: 20.00pt;\">\n<td class=\"et2\" style=\"height: 20.00pt;\" height=\"26\">Cha\u00eene de transmission<\/td>\n<td class=\"et2\">Cha\u00eene de transmission japonaise Tsubaki<\/td>\n<\/tr>\n<\/tbody>\n<\/table>","protected":false},"featured_media":0,"comment_status":"closed","ping_status":"closed","template":"","meta":[],"product_brand":[],"product_cat":[20],"product_tag":[],"class_list":{"0":"post-10605","1":"product","2":"type-product","3":"status-publish","5":"product_cat-uncategorized","7":"first","8":"instock","9":"shipping-taxable","10":"product-type-simple"},"_links":{"self":[{"href":"https:\/\/seekmach.com\/fr\/wp-json\/wp\/v2\/product\/10605","targetHints":{"allow":["GET"]}}],"collection":[{"href":"https:\/\/seekmach.com\/fr\/wp-json\/wp\/v2\/product"}],"about":[{"href":"https:\/\/seekmach.com\/fr\/wp-json\/wp\/v2\/types\/product"}],"replies":[{"embeddable":true,"href":"https:\/\/seekmach.com\/fr\/wp-json\/wp\/v2\/comments?post=10605"}],"wp:attachment":[{"href":"https:\/\/seekmach.com\/fr\/wp-json\/wp\/v2\/media?parent=10605"}],"wp:term":[{"taxonomy":"product_brand","embeddable":true,"href":"https:\/\/seekmach.com\/fr\/wp-json\/wp\/v2\/product_brand?post=10605"},{"taxonomy":"product_cat","embeddable":true,"href":"https:\/\/seekmach.com\/fr\/wp-json\/wp\/v2\/product_cat?post=10605"},{"taxonomy":"product_tag","embeddable":true,"href":"https:\/\/seekmach.com\/fr\/wp-json\/wp\/v2\/product_tag?post=10605"}],"curies":[{"name":"wp","href":"https:\/\/api.w.org\/{rel}","templated":true}]}}