{"id":10597,"date":"2024-03-19T11:17:53","date_gmt":"2024-03-19T03:17:53","guid":{"rendered":"https:\/\/seotest.qilumachinery.com\/?post_type=product&#038;p=10597"},"modified":"2026-03-04T15:30:50","modified_gmt":"2026-03-04T07:30:50","slug":"ql1550","status":"publish","type":"product","link":"https:\/\/seekmach.com\/fr\/produit\/ql1550","title":{"rendered":"Chinese Skid Steer Lader SM1550"},"content":{"rendered":"<h3>Chargeuse compacte QL1550<\/h3>\n<ul>\n<li><strong>Excellente efficacit\u00e9 de travail<\/strong><br \/>\nLe QL1550 est \u00e9quip\u00e9 d&#039;un moteur de marque internationale renomm\u00e9e, Yang ma, offrant des performances puissantes avec un faible bruit et une grande fiabilit\u00e9. Ce moteur assure une compatibilit\u00e9 optimale avec l&#039;\u00e9quipement principal, offrant des performances globales sup\u00e9rieures et une forte r\u00e9ponse transitoire.<\/li>\n<li><strong>Structure durable pour des environnements de construction polyvalents<\/strong><br \/>\nLa structure de fl\u00e8che de type caisson puissante et optimis\u00e9e offre une r\u00e9sistance et une rigidit\u00e9 exceptionnelles, garantissant des performances robustes \u00e0 long terme et une efficacit\u00e9 \u00e9lev\u00e9e de la machine.<\/li>\n<li><strong>Contr\u00f4le sans effort avec fonctionnement pilote<\/strong><br \/>\nLe QL1550 pr\u00e9sente le fonctionnement pr\u00e9cis et l\u00e9ger de la poign\u00e9e pilote italienne EBI, r\u00e9duisant ainsi la fatigue. La disposition centralis\u00e9e des interrupteurs de la poign\u00e9e multifonction am\u00e9liore la pr\u00e9cision du contr\u00f4le, am\u00e9liorant consid\u00e9rablement la douceur et la pr\u00e9cision des mouvements.<\/li>\n<li><strong>Syst\u00e8me de s\u00e9curit\u00e9 des v\u00e9hicules fiable et de haute qualit\u00e9<\/strong><br \/>\nLa conception de la chargeuse compacte SeekMach refl\u00e8te une philosophie ax\u00e9e sur l&#039;humain et la s\u00e9curit\u00e9 avant tout, avec des dispositifs d&#039;inspection de s\u00e9curit\u00e9 \u00e0 trois niveaux comprenant le frein de stationnement, la porte conducteur et la barre de s\u00e9curit\u00e9, garantissant la s\u00e9curit\u00e9 op\u00e9rationnelle du conducteur.<\/li>\n<li><strong>Entretien pratique et facile<\/strong><br \/>\nL&#039;espace de service est con\u00e7u pour \u00eatre pratique, avec un regroupement centralis\u00e9 des points de maintenance quotidienne. Les points de maintenance sont facilement accessibles, permettant une maintenance rapide et sans tracas, ce qui permet un gain de temps consid\u00e9rable. La porte du compartiment arri\u00e8re de la machine peut \u00eatre facilement ouverte pour les inspections de routine.<\/li>\n<\/ul>\n<h3>Caract\u00e9ristiques<\/h3>\n<p>La chargeuse compacte SeekMach est dot\u00e9e d&#039;une transmission int\u00e9grale et d&#039;une direction antid\u00e9rapante, permettant une interchangeabilit\u00e9 rapide et facile de divers outils de travail pour r\u00e9pondre \u00e0 diverses exigences de travail. Avec l&#039;attache rapide italienne FASTER et sa fonction d&#039;auto-soulagement, la connexion des accessoires est simple, rapide et sans effort, ne n\u00e9cessitant que quelques minutes sans avoir besoin d&#039;outils suppl\u00e9mentaires. Associ\u00e9 aux connecteurs d&#039;aviation Deutsch, notre chargeur garantit des performances fiables et permet un contr\u00f4le transparent des accessoires complexes, ce qui se traduit par une efficacit\u00e9 de travail plus \u00e9lev\u00e9e. Que ce soit pour l&#039;am\u00e9nagement paysager, la r\u00e9paration de routes, l&#039;entretien municipal, les applications agricoles, la d\u00e9molition de construction ou le d\u00e9barras d&#039;entrep\u00f4t, notre chargeuse compacte est toujours occup\u00e9e au travail !<\/p>\n<p><img fetchpriority=\"high\" decoding=\"async\" class=\"aligncenter size-full wp-image-10604\" src=\"https:\/\/seotest.SeekMachmachinery.com\/wp-content\/uploads\/2024\/03\/xiantiao.png\" alt=\"\" width=\"1164\" height=\"708\" \/><\/p>","protected":false},"excerpt":{"rendered":"<table style=\"border-collapse: collapse; width: 667.52pt;\" border=\"0\" width=\"890\" cellspacing=\"0\" cellpadding=\"0\">\n<tbody>\n<tr style=\"height: 20.00pt;\">\n<td class=\"et2\" style=\"height: 20.00pt; width: 363.80pt;\" width=\"485\" height=\"26\">Methode de CONTROLE<\/td>\n<td class=\"et2\" style=\"width: 303.80pt;\" width=\"405\">Contr\u00f4le pilote<\/td>\n<\/tr>\n<tr style=\"height: 20.00pt;\">\n<td class=\"et2\" style=\"height: 20.00pt;\" height=\"26\">Moteur<\/td>\n<td class=\"et2\">Moteur japonais Yanmar 4TNV86CT<\/td>\n<\/tr>\n<tr style=\"height: 20.00pt;\">\n<td class=\"et2\" style=\"height: 20.00pt;\" height=\"26\">Pompe de voyage<\/td>\n<td class=\"et2\">Pompe \u00e0 piston mobile allemande Rexroth<\/td>\n<\/tr>\n<tr style=\"height: 20.00pt;\">\n<td class=\"et2\" style=\"height: 20.00pt;\" height=\"26\">Moteur de voyage<\/td>\n<td class=\"et2\">Moteur \u00e0 piston mobile allemand Rexroth<\/td>\n<\/tr>\n<tr style=\"height: 20.00pt;\">\n<td class=\"et2\" style=\"height: 20.00pt;\" height=\"26\">Pompe de travail<\/td>\n<td class=\"et2\">Pompe \u00e0 huile pour engrenages italienne Casappa<\/td>\n<\/tr>\n<tr style=\"height: 15.75pt;\">\n<td class=\"et2\" style=\"height: 15.75pt;\" height=\"21\">Poign\u00e9e de commande<\/td>\n<td class=\"et2\">Poign\u00e9e de commande pilote italienne EBI<\/td>\n<\/tr>\n<tr style=\"height: 15.75pt;\">\n<td class=\"et2\" style=\"height: 15.75pt;\" height=\"21\">Vanne de nivellement<\/td>\n<td class=\"et2\">Vanne de nivellement italienne NEM<\/td>\n<\/tr>\n<tr style=\"height: 15.75pt;\">\n<td class=\"et2\" style=\"height: 15.75pt;\" height=\"21\">Attache rapide hydraulique<\/td>\n<td class=\"et2\">Attache rapide hydraulique \u00e0 auto-d\u00e9chargement plus rapide italienne<\/td>\n<\/tr>\n<tr style=\"height: 15.75pt;\">\n<td class=\"et2\" style=\"height: 15.75pt;\" height=\"21\">Cha\u00eene de transmission<\/td>\n<td class=\"et2\">Cha\u00eene de transmission japonaise Tsubaki<\/td>\n<\/tr>\n<\/tbody>\n<\/table>","protected":false},"featured_media":0,"comment_status":"closed","ping_status":"closed","template":"","meta":[],"product_brand":[],"product_cat":[20],"product_tag":[],"class_list":{"0":"post-10597","1":"product","2":"type-product","3":"status-publish","5":"product_cat-uncategorized","7":"first","8":"instock","9":"shipping-taxable","10":"product-type-simple"},"_links":{"self":[{"href":"https:\/\/seekmach.com\/fr\/wp-json\/wp\/v2\/product\/10597","targetHints":{"allow":["GET"]}}],"collection":[{"href":"https:\/\/seekmach.com\/fr\/wp-json\/wp\/v2\/product"}],"about":[{"href":"https:\/\/seekmach.com\/fr\/wp-json\/wp\/v2\/types\/product"}],"replies":[{"embeddable":true,"href":"https:\/\/seekmach.com\/fr\/wp-json\/wp\/v2\/comments?post=10597"}],"wp:attachment":[{"href":"https:\/\/seekmach.com\/fr\/wp-json\/wp\/v2\/media?parent=10597"}],"wp:term":[{"taxonomy":"product_brand","embeddable":true,"href":"https:\/\/seekmach.com\/fr\/wp-json\/wp\/v2\/product_brand?post=10597"},{"taxonomy":"product_cat","embeddable":true,"href":"https:\/\/seekmach.com\/fr\/wp-json\/wp\/v2\/product_cat?post=10597"},{"taxonomy":"product_tag","embeddable":true,"href":"https:\/\/seekmach.com\/fr\/wp-json\/wp\/v2\/product_tag?post=10597"}],"curies":[{"name":"wp","href":"https:\/\/api.w.org\/{rel}","templated":true}]}}