{"id":2299,"date":"2021-12-16T06:34:01","date_gmt":"2021-12-16T06:34:01","guid":{"rendered":"https:\/\/seotest.qilumachinery.com\/?post_type=product&#038;p=2299"},"modified":"2026-01-05T15:04:57","modified_gmt":"2026-01-05T07:04:57","slug":"qln-17pro","status":"publish","type":"product","link":"https:\/\/seekmach.com\/es\/producto\/qln-17pro","title":{"rendered":"Miniexcavadora china de 1,7 toneladas"},"content":{"rendered":"<h3>Miniexcavadora china QLN-17Pro de 1,7 toneladas<\/h3>\n<ul>\n<li>\u00bfBusca una miniexcavadora confiable y eficiente que pueda satisfacer sus necesidades de paisajismo o construcci\u00f3n? Nuestra <a href=\"https:\/\/seotest.SeekMachmachinery.com\/why-the-1-7-ton-excavator-is-perfect-for-small-construction-projects\/\" target=\"_blank\" rel=\"noopener\">miniexcavadora de 1,7 toneladas<\/a> con techo, control piloto hidr\u00e1ulico, pluma oscilante, dise\u00f1o de cola 0, motor di\u00e9sel Yanmar de 3 cilindros y estiramiento de chasis opcional, cabina con ventilador y cabina con calefacci\u00f3n es la soluci\u00f3n perfecta.<\/li>\n<li>Con un peso operativo de s\u00f3lo 1,7 toneladas, esta miniexcavadora es compacta y maniobrable, lo que facilita su manejo en espacios reducidos y pasajes estrechos. El sistema de control piloto hidr\u00e1ulico proporciona un control suave y preciso, asegurando la m\u00e1xima eficiencia y productividad en el trabajo.<\/li>\n<li>Impulsada por un motor di\u00e9sel Yanmar de 3 cilindros de alto rendimiento, esta miniexcavadora ofrece potencia y eficiencia de combustible excepcionales, lo que la hace ideal para una amplia gama de aplicaciones. Tambi\u00e9n viene certificado con los certificados EURO5 y EPA, lo que garantiza que cumple incluso con las normas medioambientales m\u00e1s estrictas.<\/li>\n<li>Esta miniexcavadora cuenta con un brazo oscilante y un dise\u00f1o de cola 0, lo que proporciona una excelente estabilidad y control para un rendimiento \u00f3ptimo. Los operadores pueden personalizar a\u00fan m\u00e1s su experiencia con mejoras opcionales como un tramo de chasis, una cabina con ventilador y una cabina con calefacci\u00f3n, lo que garantiza comodidad y conveniencia durante largas horas de operaci\u00f3n.<\/li>\n<li>Nuestra miniexcavadora de 1.7 toneladas con techo, control hidr\u00e1ulico piloto, pluma oscilante, dise\u00f1o de cola en 0, motor di\u00e9sel Yanmar de 3 cilindros y chasis alargado, cabina con ventilador y calefacci\u00f3n opcionales, est\u00e1 dise\u00f1ada para satisfacer las exigentes necesidades de las operaciones modernas de paisajismo y construcci\u00f3n. Ya sea que necesite cavar zanjas, limpiar escombros o realizar otras tareas esenciales, nuestro producto le ofrece equipos de alta calidad a un precio asequible. Cont\u00e1ctenos hoy mismo para obtener m\u00e1s informaci\u00f3n sobre nuestros productos y c\u00f3mo podemos ayudarle a alcanzar el \u00e9xito en sus operaciones.<\/li>\n<\/ul>\n<table width=\"521\">\n<tbody>\n<tr>\n<td colspan=\"2\" width=\"521\">Par\u00e1metro<\/td>\n<\/tr>\n<tr>\n<td>Peso de operaci\u00f3n<\/td>\n<td width=\"175\">1700 kg<\/td>\n<\/tr>\n<tr>\n<td>Motor<\/td>\n<td>Kubota<\/td>\n<\/tr>\n<tr>\n<td>Energ\u00eda<\/td>\n<td>10,2 kW<\/td>\n<\/tr>\n<tr>\n<td>Capacidad de la cuchara<\/td>\n<td>0,04 m\u00b3<\/td>\n<\/tr>\n<tr>\n<td>Trepabilidad<\/td>\n<td>30\u00b0<\/td>\n<\/tr>\n<tr>\n<td colspan=\"2\">Dimensi\u00f3n<\/td>\n<\/tr>\n<tr>\n<td>Longitud total<\/td>\n<td width=\"175\">3300 mm<\/td>\n<\/tr>\n<tr>\n<td>Ancho total<\/td>\n<td width=\"175\">1110 mm<\/td>\n<\/tr>\n<tr>\n<td>Altura total<\/td>\n<td width=\"175\">2360 mm<\/td>\n<\/tr>\n<tr>\n<td>Distancia entre ejes<\/td>\n<td>875 mm<\/td>\n<\/tr>\n<tr>\n<td colspan=\"2\">Especificaciones de rendimiento<\/td>\n<\/tr>\n<tr>\n<td>m\u00e1x. Altura de excavaci\u00f3n<\/td>\n<td width=\"175\">3310 mm<\/td>\n<\/tr>\n<tr>\n<td>m\u00e1x. Altura de descarga<\/td>\n<td width=\"175\">2370 mm<\/td>\n<\/tr>\n<tr>\n<td>m\u00e1x. Profundidad de excavaci\u00f3n<\/td>\n<td width=\"175\">2120 mm<\/td>\n<\/tr>\n<tr>\n<td>Radio m\u00e1ximo de excavaci\u00f3n<\/td>\n<td>3640 mm<\/td>\n<\/tr>\n<tr>\n<td>Profundidad m\u00e1xima de excavaci\u00f3n vertical<\/td>\n<td width=\"175\">1535 mm<\/td>\n<\/tr>\n<\/tbody>\n<\/table>","protected":false},"excerpt":{"rendered":"<p>m\u00e1x. Altura de excavaci\u00f3n: 3310 mm<\/p>\n<p>m\u00e1x. Altura de descarga: 2370 mm<\/p>\n<p>m\u00e1x. Profundidad de excavaci\u00f3n: 2120 mm<\/p>\n<p>Profundidad m\u00e1xima de excavaci\u00f3n del brazo vertical: 1535 mm<\/p>\n<p>m\u00e1x. Distancia de excavaci\u00f3n: 3640 mm<\/p>\n<p>m\u00e1x. Distancia de excavaci\u00f3n en el suelo: 3570 mm<\/p>","protected":false},"featured_media":0,"comment_status":"closed","ping_status":"closed","template":"","meta":[],"product_brand":[],"product_cat":[20],"product_tag":[],"class_list":{"0":"post-2299","1":"product","2":"type-product","3":"status-publish","5":"product_cat-uncategorized","7":"first","8":"instock","9":"shipping-taxable","10":"product-type-simple"},"_links":{"self":[{"href":"https:\/\/seekmach.com\/es\/wp-json\/wp\/v2\/product\/2299","targetHints":{"allow":["GET"]}}],"collection":[{"href":"https:\/\/seekmach.com\/es\/wp-json\/wp\/v2\/product"}],"about":[{"href":"https:\/\/seekmach.com\/es\/wp-json\/wp\/v2\/types\/product"}],"replies":[{"embeddable":true,"href":"https:\/\/seekmach.com\/es\/wp-json\/wp\/v2\/comments?post=2299"}],"wp:attachment":[{"href":"https:\/\/seekmach.com\/es\/wp-json\/wp\/v2\/media?parent=2299"}],"wp:term":[{"taxonomy":"product_brand","embeddable":true,"href":"https:\/\/seekmach.com\/es\/wp-json\/wp\/v2\/product_brand?post=2299"},{"taxonomy":"product_cat","embeddable":true,"href":"https:\/\/seekmach.com\/es\/wp-json\/wp\/v2\/product_cat?post=2299"},{"taxonomy":"product_tag","embeddable":true,"href":"https:\/\/seekmach.com\/es\/wp-json\/wp\/v2\/product_tag?post=2299"}],"curies":[{"name":"gracias","href":"https:\/\/api.w.org\/{rel}","templated":true}]}}