{"id":13081,"date":"2025-07-02T16:29:08","date_gmt":"2025-07-02T08:29:08","guid":{"rendered":"https:\/\/seotest.qilumachinery.com\/?post_type=product&#038;p=13081"},"modified":"2026-03-09T15:00:25","modified_gmt":"2026-03-09T07:00:25","slug":"excavator-bucket","status":"publish","type":"product","link":"https:\/\/seekmach.com\/es\/producto\/excavator-bucket","title":{"rendered":"Cuchar\u00f3n de excavadora"},"content":{"rendered":"<h4>Par\u00e1metros del producto del cuchar\u00f3n de excavadora<\/h4>\n<table width=\"592\">\n<tbody>\n<tr>\n<td colspan=\"2\" width=\"592\">Par\u00e1metro<\/td>\n<\/tr>\n<tr>\n<td>Peso de operaci\u00f3n<\/td>\n<td width=\"246\">2500 kg<\/td>\n<\/tr>\n<tr>\n<td>Motor<\/td>\n<td>Kubota<\/td>\n<\/tr>\n<tr>\n<td>Energ\u00eda<\/td>\n<td>14 kW<\/td>\n<\/tr>\n<tr>\n<td>Capacidad de la cuchara<\/td>\n<td>0,07 m\u00b3<\/td>\n<\/tr>\n<tr>\n<td>Trepabilidad<\/td>\n<td>30\u00b0<\/td>\n<\/tr>\n<tr>\n<td colspan=\"2\">Dimensi\u00f3n<\/td>\n<\/tr>\n<tr>\n<td>Longitud total<\/td>\n<td width=\"246\">3850 mm<\/td>\n<\/tr>\n<tr>\n<td>Ancho total<\/td>\n<td width=\"246\">1300\/1500 mm<\/td>\n<\/tr>\n<tr>\n<td>Altura total<\/td>\n<td width=\"246\">2250 mm<\/td>\n<\/tr>\n<tr>\n<td>Distancia entre ejes<\/td>\n<td>1070 mm<\/td>\n<\/tr>\n<tr>\n<td colspan=\"2\">Especificaciones de rendimiento<\/td>\n<\/tr>\n<tr>\n<td>m\u00e1x. Altura de excavaci\u00f3n<\/td>\n<td width=\"246\">3800 mm<\/td>\n<\/tr>\n<tr>\n<td>m\u00e1x. Altura de descarga<\/td>\n<td width=\"246\">2550 mm<\/td>\n<\/tr>\n<tr>\n<td>m\u00e1x. Profundidad de excavaci\u00f3n<\/td>\n<td width=\"246\">2320 mm<\/td>\n<\/tr>\n<tr>\n<td>Radio m\u00e1ximo de excavaci\u00f3n<\/td>\n<td>4140 mm<\/td>\n<\/tr>\n<tr>\n<td>Profundidad m\u00e1xima de excavaci\u00f3n vertical<\/td>\n<td width=\"246\">1900 mm<\/td>\n<\/tr>\n<\/tbody>\n<\/table>","protected":false},"excerpt":{"rendered":"<p>Product Parameters of Excavator Bucket Parameter Operation weight 2500KGS Engine Kubota Power 14KW Bucket capacity 0.07m\u00b3 Gradeability 30\u00b0 Dimension Overall length 3850mm Overall width 1300\/1500mm Overall height 2250mm Wheel base 1070mm Performance Specifications Max. Digging Height 3800mm Max. Dumping Height 2550mm Max. Digging Depth 2320mm Max. Digging Radius 4140mm Max. Vertical Digging Depth 1900mm<\/p>","protected":false},"featured_media":13082,"comment_status":"closed","ping_status":"closed","template":"","meta":[],"product_brand":[],"product_cat":[31,101],"product_tag":[],"class_list":{"0":"post-13081","1":"product","2":"type-product","3":"status-publish","4":"has-post-thumbnail","6":"product_cat-excavator-supplier","7":"product_cat-attachments","9":"first","10":"instock","11":"shipping-taxable","12":"product-type-simple"},"_links":{"self":[{"href":"https:\/\/seekmach.com\/es\/wp-json\/wp\/v2\/product\/13081","targetHints":{"allow":["GET"]}}],"collection":[{"href":"https:\/\/seekmach.com\/es\/wp-json\/wp\/v2\/product"}],"about":[{"href":"https:\/\/seekmach.com\/es\/wp-json\/wp\/v2\/types\/product"}],"replies":[{"embeddable":true,"href":"https:\/\/seekmach.com\/es\/wp-json\/wp\/v2\/comments?post=13081"}],"wp:featuredmedia":[{"embeddable":true,"href":"https:\/\/seekmach.com\/es\/wp-json\/wp\/v2\/media\/13082"}],"wp:attachment":[{"href":"https:\/\/seekmach.com\/es\/wp-json\/wp\/v2\/media?parent=13081"}],"wp:term":[{"taxonomy":"product_brand","embeddable":true,"href":"https:\/\/seekmach.com\/es\/wp-json\/wp\/v2\/product_brand?post=13081"},{"taxonomy":"product_cat","embeddable":true,"href":"https:\/\/seekmach.com\/es\/wp-json\/wp\/v2\/product_cat?post=13081"},{"taxonomy":"product_tag","embeddable":true,"href":"https:\/\/seekmach.com\/es\/wp-json\/wp\/v2\/product_tag?post=13081"}],"curies":[{"name":"gracias","href":"https:\/\/api.w.org\/{rel}","templated":true}]}}