{"id":13051,"date":"2025-07-02T15:31:40","date_gmt":"2025-07-02T07:31:40","guid":{"rendered":"https:\/\/seotest.qilumachinery.com\/?post_type=product&#038;p=13051"},"modified":"2026-03-09T15:10:22","modified_gmt":"2026-03-09T07:10:22","slug":"excavator-disc-mulcher","status":"publish","type":"product","link":"https:\/\/seekmach.com\/es\/producto\/excavator-disc-mulcher","title":{"rendered":"Trituradora de discos para excavadora"},"content":{"rendered":"<h4>\u00bfC\u00f3mo elegir el modelo de trituradora de discos para excavadora?<\/h4>\n<p>El modelo 02 es adecuado para m\u00e1quinas de recuperaci\u00f3n de tierras de 0,8 a 3 toneladas (trituradoras de madera).<\/p>\n<p>El modelo 04 es adecuado para excavadoras de 5 a 9 toneladas y m\u00e1quinas de recuperaci\u00f3n de tierras (trituradoras de madera).<\/p>\n<p>El modelo 06 es adecuado para excavadoras de 10 a 18 toneladas.<\/p>\n<p>El modelo 08 es adecuado para excavadoras de 19 a 25 toneladas.<\/p>\n<p>Una m\u00e1quina de recuperaci\u00f3n de tierras especialmente dise\u00f1ada para excavadoras. Elimina f\u00e1cilmente arbustos, maleza, ramas y \u00e1rboles, y es ideal para la recuperaci\u00f3n de terrenos bald\u00edos, la reconversi\u00f3n de bosques a tierras de cultivo, la limpieza municipal y la limpieza de vegetaci\u00f3n en bosques y pastizales. Este equipo tiene una estructura compacta y un dise\u00f1o modular. Permite seleccionar con flexibilidad diversos accesorios seg\u00fan sus necesidades, brind\u00e1ndole una experiencia de trabajo sin precedentes.<\/p>\n<table width=\"736\">\n<tbody>\n<tr>\n<td width=\"95\">Modelo<\/td>\n<td colspan=\"2\" width=\"196\">3,5T-5,5T<\/td>\n<td width=\"165\">6T-9T\/1000<\/td>\n<td width=\"145\">10T-15T\/1200<\/td>\n<td width=\"133\">20T-25T\/1400<\/td>\n<\/tr>\n<tr>\n<td width=\"95\">Especificaciones<\/td>\n<td colspan=\"2\" width=\"196\">660 mm x 950 mm x 800 mm<\/td>\n<td width=\"165\">660 mm x 1400 mm x 1000 mm<\/td>\n<td width=\"145\">660 mm x 1600 mm x 1000 mm<\/td>\n<td width=\"133\">750 mm x 1800 mm x 1280 mm<\/td>\n<\/tr>\n<tr>\n<td width=\"95\">Caudal L\/Min<\/td>\n<td colspan=\"2\" width=\"196\">80<\/td>\n<td width=\"165\">100<\/td>\n<td width=\"145\">140<\/td>\n<td width=\"133\">220<\/td>\n<\/tr>\n<tr>\n<td width=\"95\">Velocidad<\/td>\n<td colspan=\"2\" width=\"196\">&gt;2200<\/td>\n<td width=\"165\">&gt;2200<\/td>\n<td width=\"145\">&gt;2200<\/td>\n<td width=\"133\">&gt;2200<\/td>\n<\/tr>\n<tr>\n<td width=\"95\">N\u00famero de cuchillas<\/td>\n<td colspan=\"2\" width=\"196\">14<\/td>\n<td width=\"165\">24<\/td>\n<td width=\"145\">28<\/td>\n<td width=\"133\">32<\/td>\n<\/tr>\n<tr>\n<td width=\"95\">Peso kg<\/td>\n<td colspan=\"2\" width=\"196\">356<\/td>\n<td width=\"165\">484<\/td>\n<td width=\"145\">565<\/td>\n<td width=\"133\">710<\/td>\n<\/tr>\n<\/tbody>\n<\/table>","protected":false},"excerpt":{"rendered":"<p>How to choose the model of Excavator Disc Mulcher? Model 02 is suitable for 0.8-3 tons of land reclamation machine (wood chipper) Model 04 is suitable for 5-9 tons of excavators and land reclamation machine (wood chipper) Model 06 is suitable for 10-18 tons of excavators Model 08 is suitable for 19-25 tons of excavators [&hellip;]<\/p>\n","protected":false},"featured_media":13676,"comment_status":"closed","ping_status":"closed","template":"","meta":[],"product_brand":[],"product_cat":[31,101],"product_tag":[],"class_list":{"0":"post-13051","1":"product","2":"type-product","3":"status-publish","4":"has-post-thumbnail","6":"product_cat-excavator-supplier","7":"product_cat-attachments","9":"first","10":"instock","11":"shipping-taxable","12":"product-type-simple"},"_links":{"self":[{"href":"https:\/\/seekmach.com\/es\/wp-json\/wp\/v2\/product\/13051","targetHints":{"allow":["GET"]}}],"collection":[{"href":"https:\/\/seekmach.com\/es\/wp-json\/wp\/v2\/product"}],"about":[{"href":"https:\/\/seekmach.com\/es\/wp-json\/wp\/v2\/types\/product"}],"replies":[{"embeddable":true,"href":"https:\/\/seekmach.com\/es\/wp-json\/wp\/v2\/comments?post=13051"}],"wp:featuredmedia":[{"embeddable":true,"href":"https:\/\/seekmach.com\/es\/wp-json\/wp\/v2\/media\/13676"}],"wp:attachment":[{"href":"https:\/\/seekmach.com\/es\/wp-json\/wp\/v2\/media?parent=13051"}],"wp:term":[{"taxonomy":"product_brand","embeddable":true,"href":"https:\/\/seekmach.com\/es\/wp-json\/wp\/v2\/product_brand?post=13051"},{"taxonomy":"product_cat","embeddable":true,"href":"https:\/\/seekmach.com\/es\/wp-json\/wp\/v2\/product_cat?post=13051"},{"taxonomy":"product_tag","embeddable":true,"href":"https:\/\/seekmach.com\/es\/wp-json\/wp\/v2\/product_tag?post=13051"}],"curies":[{"name":"gracias","href":"https:\/\/api.w.org\/{rel}","templated":true}]}}