{"id":13046,"date":"2025-07-02T15:25:01","date_gmt":"2025-07-02T07:25:01","guid":{"rendered":"https:\/\/seotest.qilumachinery.com\/?post_type=product&#038;p=13046"},"modified":"2026-03-09T15:11:54","modified_gmt":"2026-03-09T07:11:54","slug":"double-sided-hedge-trimmer","status":"publish","type":"product","link":"https:\/\/seekmach.com\/es\/producto\/double-sided-hedge-trimmer","title":{"rendered":"Cortasetos de doble cara"},"content":{"rendered":"<p>Una superficie de trabajo inclinada facilita la eliminaci\u00f3n de los residuos de corte, garantiza un corte m\u00e1s suave y mejora la resistencia estructural general. El uso de cortasetos mejora significativamente la eficiencia del trabajo, a la vez que reduce el tiempo y el esfuerzo necesarios. El dise\u00f1o de gran \u00e1ngulo de inclinaci\u00f3n de la placa de oreja permite que el cortasetos funcione en \u00e1ngulos superiores a 90 grados cuando se monta en una excavadora, lo que proporciona mayor flexibilidad y adaptabilidad.<\/p>\n<table width=\"820\">\n<tbody>\n<tr>\n<td width=\"93\">Modelo<\/td>\n<td width=\"147\">0,8T-3T\/1200<\/td>\n<td width=\"166\">3,5T-5T\/1200<\/td>\n<td width=\"143\">6T-9T\/1500<\/td>\n<td width=\"136\">10T-15T\/1600<\/td>\n<td width=\"133\">20T-25T\/1800<\/td>\n<\/tr>\n<tr>\n<td width=\"93\">Especificaciones<\/td>\n<td width=\"147\">350 mm x 1460 mm x 520 mm<\/td>\n<td width=\"166\">350 mm x 1460 mm x 520 mm<\/td>\n<td width=\"143\">336 mm x 1745 mm x 520 mm<\/td>\n<td width=\"136\">420 mm x 1866 mm x 640 mm<\/td>\n<td width=\"133\">420 mm x 2100 mm x 836 mm<\/td>\n<\/tr>\n<tr>\n<td width=\"93\">Caudal L\/Min<\/td>\n<td width=\"147\">53<\/td>\n<td width=\"166\">53<\/td>\n<td width=\"143\">60<\/td>\n<td width=\"136\">80<\/td>\n<td width=\"133\">100<\/td>\n<\/tr>\n<tr>\n<td width=\"93\">Peso kg<\/td>\n<td width=\"147\">80<\/td>\n<td width=\"166\">80<\/td>\n<td width=\"143\">148<\/td>\n<td width=\"136\">269<\/td>\n<td width=\"133\">375<\/td>\n<\/tr>\n<\/tbody>\n<\/table>","protected":false},"excerpt":{"rendered":"<p>A tilted working surface facilitates the removal of cutting debris, ensures a smoother cut, and enhances overall structural strength. Using hedge trimmers significantly improves work efficiency while reducing the time and effort required. The ear plate&#8217;s large tilt angle design enables the hedge trimmer to operate at angles exceeding 90 degrees when mounted on an [&hellip;]<\/p>\n","protected":false},"featured_media":13682,"comment_status":"closed","ping_status":"closed","template":"","meta":[],"product_brand":[],"product_cat":[31,101],"product_tag":[],"class_list":{"0":"post-13046","1":"product","2":"type-product","3":"status-publish","4":"has-post-thumbnail","6":"product_cat-excavator-supplier","7":"product_cat-attachments","9":"first","10":"instock","11":"shipping-taxable","12":"product-type-simple"},"_links":{"self":[{"href":"https:\/\/seekmach.com\/es\/wp-json\/wp\/v2\/product\/13046","targetHints":{"allow":["GET"]}}],"collection":[{"href":"https:\/\/seekmach.com\/es\/wp-json\/wp\/v2\/product"}],"about":[{"href":"https:\/\/seekmach.com\/es\/wp-json\/wp\/v2\/types\/product"}],"replies":[{"embeddable":true,"href":"https:\/\/seekmach.com\/es\/wp-json\/wp\/v2\/comments?post=13046"}],"wp:featuredmedia":[{"embeddable":true,"href":"https:\/\/seekmach.com\/es\/wp-json\/wp\/v2\/media\/13682"}],"wp:attachment":[{"href":"https:\/\/seekmach.com\/es\/wp-json\/wp\/v2\/media?parent=13046"}],"wp:term":[{"taxonomy":"product_brand","embeddable":true,"href":"https:\/\/seekmach.com\/es\/wp-json\/wp\/v2\/product_brand?post=13046"},{"taxonomy":"product_cat","embeddable":true,"href":"https:\/\/seekmach.com\/es\/wp-json\/wp\/v2\/product_cat?post=13046"},{"taxonomy":"product_tag","embeddable":true,"href":"https:\/\/seekmach.com\/es\/wp-json\/wp\/v2\/product_tag?post=13046"}],"curies":[{"name":"gracias","href":"https:\/\/api.w.org\/{rel}","templated":true}]}}