{"id":10605,"date":"2024-03-19T13:37:29","date_gmt":"2024-03-19T05:37:29","guid":{"rendered":"https:\/\/seotest.qilumachinery.com\/?post_type=product&#038;p=10605"},"modified":"2026-03-04T15:30:21","modified_gmt":"2026-03-04T07:30:21","slug":"sm2200","status":"publish","type":"product","link":"https:\/\/seekmach.com\/es\/producto\/sm2200","title":{"rendered":"Small Skid Steer Loader SM2200"},"content":{"rendered":"<h3>Cargadora compacta QL2200<\/h3>\n<ul>\n<li><strong>Excelente eficiencia laboral<\/strong><br \/>\nEl QL2200 est\u00e1 equipado con control electr\u00f3nico del motor y acelerador electr\u00f3nico de mano y pie. Su dise\u00f1o de doble acelerador ajusta din\u00e1micamente la velocidad del motor en funci\u00f3n de las variaciones de carga, evitando altas RPM durante per\u00edodos de bajo consumo de energ\u00eda, lo que resulta en una reducci\u00f3n del consumo de combustible de m\u00e1s de 8%.<\/li>\n<li><strong>Estructura duradera para entornos de construcci\u00f3n vers\u00e1tiles<\/strong><br \/>\nEl tanque de aceite hidr\u00e1ulico, el tanque de combustible, la caja de orugas y el chasis est\u00e1n integrados con una estructura soldada, que presenta un dise\u00f1o de carrocer\u00eda robusto y materiales de acero de alta resistencia, lo que proporciona un soporte confiable para trabajos pesados continuos y la capacidad de transportar accesorios de carga pesada.<\/li>\n<li><strong>Control sin esfuerzo con operaci\u00f3n piloto<\/strong><br \/>\nQL2200 presenta el funcionamiento preciso y liviano del mango piloto italiano EBI, lo que reduce la fatiga. La disposici\u00f3n centralizada del interruptor del mango multifunci\u00f3n mejora la precisi\u00f3n del control, mejorando en gran medida la suavidad y precisi\u00f3n de los movimientos.<\/li>\n<li><strong>Sistema de seguridad para veh\u00edculos confiable y de alta calidad<\/strong><br \/>\nEl dise\u00f1o del minicargador SeekMach refleja una filosof\u00eda orientada a las personas y que da prioridad a la seguridad, con dispositivos de inspecci\u00f3n de seguridad de tres niveles que incluyen freno de estacionamiento, puerta del conductor y barra de seguridad, lo que garantiza la seguridad operativa del conductor.<\/li>\n<li><strong>Mantenimiento conveniente y f\u00e1cil<\/strong><br \/>\nEl espacio de servicio est\u00e1 dise\u00f1ado para ser conveniente, con una agrupaci\u00f3n centralizada de puntos de mantenimiento diario. Los puntos de mantenimiento son de f\u00e1cil acceso, lo que permite un mantenimiento r\u00e1pido y sin complicaciones, lo que ahorra significativamente tiempo. La puerta del compartimento trasero de la m\u00e1quina se puede abrir c\u00f3modamente para realizar inspecciones de rutina.<\/li>\n<\/ul>\n<h3>Caracter\u00edsticas<\/h3>\n<p>El minicargador SeekMach cuenta con tracci\u00f3n total y direcci\u00f3n deslizante, lo que permite un intercambio r\u00e1pido y sencillo de varias herramientas de trabajo para satisfacer diversos requisitos de trabajo. Con el acoplador r\u00e1pido italiano FASTER y su funci\u00f3n de autoalivio, conectar accesorios es sencillo, ahorra tiempo y no requiere esfuerzo, ya que solo requiere unos minutos sin necesidad de herramientas adicionales. Junto con los conectores de aviaci\u00f3n Deutsch, nuestro cargador garantiza un rendimiento confiable y permite un control perfecto de accesorios complejos, lo que resulta en una mayor eficiencia en el trabajo. Ya sea para paisajismo, reparaci\u00f3n de carreteras, mantenimiento municipal, aplicaciones agr\u00edcolas, demolici\u00f3n de construcciones o limpieza de almacenes, \u00a1nuestro minicargador siempre est\u00e1 ocupado trabajando!<\/p>\n<p><img fetchpriority=\"high\" decoding=\"async\" class=\"aligncenter size-full wp-image-10611\" src=\"https:\/\/seotest.SeekMachmachinery.com\/wp-content\/uploads\/2024\/03\/ttt.png\" alt=\"\" width=\"982\" height=\"609\" \/><\/p>","protected":false},"excerpt":{"rendered":"<table style=\"border-collapse: collapse; width: 667.52pt;\" border=\"0\" width=\"890\" cellspacing=\"0\" cellpadding=\"0\">\n<tbody>\n<tr style=\"height: 20.00pt;\">\n<td class=\"et2\" style=\"height: 20.00pt; width: 363.80pt;\" width=\"485\" height=\"26\">M\u00e9todo de control<\/td>\n<td class=\"et2\" style=\"width: 303.80pt;\" width=\"405\">control piloto<\/td>\n<\/tr>\n<tr style=\"height: 20.00pt;\">\n<td class=\"et2\" style=\"height: 20.00pt;\" height=\"26\">Motor<\/td>\n<td class=\"et2\">Motor japon\u00e9s Yanmar 4TNV98CT<\/td>\n<\/tr>\n<tr style=\"height: 20.00pt;\">\n<td class=\"et2\" style=\"height: 20.00pt;\" height=\"26\">bomba viajera<\/td>\n<td class=\"et2\">Bomba de pist\u00f3n m\u00f3vil Rexroth alemana<\/td>\n<\/tr>\n<tr style=\"height: 20.00pt;\">\n<td class=\"et2\" style=\"height: 20.00pt;\" height=\"26\">Motor de viaje<\/td>\n<td class=\"et2\">Motor de \u00e9mbolo m\u00f3vil alem\u00e1n Rexroth.<\/td>\n<\/tr>\n<tr style=\"height: 20.00pt;\">\n<td class=\"et2\" style=\"height: 20.00pt;\" height=\"26\">Bomba de trabajo<\/td>\n<td class=\"et2\">Bomba de aceite de engranajes italiana Casappa<\/td>\n<\/tr>\n<tr style=\"height: 20.00pt;\">\n<td class=\"et2\" style=\"height: 20.00pt;\" height=\"26\">Mango de control<\/td>\n<td class=\"et2\">Mango de control piloto EBI italiano<\/td>\n<\/tr>\n<tr style=\"height: 20.00pt;\">\n<td class=\"et2\" style=\"height: 20.00pt;\" height=\"26\">v\u00e1lvula niveladora<\/td>\n<td class=\"et2\">V\u00e1lvula niveladora italiana NEM<\/td>\n<\/tr>\n<tr style=\"height: 20.00pt;\">\n<td class=\"et2\" style=\"height: 20.00pt;\" height=\"26\">Acoplamiento r\u00e1pido hidr\u00e1ulico<\/td>\n<td class=\"et2\">Acoplador r\u00e1pido hidr\u00e1ulico autodescargable italiano Faster<\/td>\n<\/tr>\n<tr style=\"height: 20.00pt;\">\n<td class=\"et2\" style=\"height: 20.00pt;\" height=\"26\">Cadena de transmisi\u00f3n<\/td>\n<td class=\"et2\">Cadena de transmisi\u00f3n japonesa Tsubaki<\/td>\n<\/tr>\n<\/tbody>\n<\/table>","protected":false},"featured_media":0,"comment_status":"closed","ping_status":"closed","template":"","meta":[],"product_brand":[],"product_cat":[20],"product_tag":[],"class_list":{"0":"post-10605","1":"product","2":"type-product","3":"status-publish","5":"product_cat-uncategorized","7":"first","8":"instock","9":"shipping-taxable","10":"product-type-simple"},"_links":{"self":[{"href":"https:\/\/seekmach.com\/es\/wp-json\/wp\/v2\/product\/10605","targetHints":{"allow":["GET"]}}],"collection":[{"href":"https:\/\/seekmach.com\/es\/wp-json\/wp\/v2\/product"}],"about":[{"href":"https:\/\/seekmach.com\/es\/wp-json\/wp\/v2\/types\/product"}],"replies":[{"embeddable":true,"href":"https:\/\/seekmach.com\/es\/wp-json\/wp\/v2\/comments?post=10605"}],"wp:attachment":[{"href":"https:\/\/seekmach.com\/es\/wp-json\/wp\/v2\/media?parent=10605"}],"wp:term":[{"taxonomy":"product_brand","embeddable":true,"href":"https:\/\/seekmach.com\/es\/wp-json\/wp\/v2\/product_brand?post=10605"},{"taxonomy":"product_cat","embeddable":true,"href":"https:\/\/seekmach.com\/es\/wp-json\/wp\/v2\/product_cat?post=10605"},{"taxonomy":"product_tag","embeddable":true,"href":"https:\/\/seekmach.com\/es\/wp-json\/wp\/v2\/product_tag?post=10605"}],"curies":[{"name":"gracias","href":"https:\/\/api.w.org\/{rel}","templated":true}]}}