{"id":10597,"date":"2024-03-19T11:17:53","date_gmt":"2024-03-19T03:17:53","guid":{"rendered":"https:\/\/seotest.qilumachinery.com\/?post_type=product&#038;p=10597"},"modified":"2026-03-04T15:30:50","modified_gmt":"2026-03-04T07:30:50","slug":"ql1550","status":"publish","type":"product","link":"https:\/\/seekmach.com\/es\/producto\/ql1550","title":{"rendered":"Chinese Skid Steer Lader SM1550"},"content":{"rendered":"<h3>Cargadora compacta QL1550<\/h3>\n<ul>\n<li><strong>Excelente eficiencia laboral<\/strong><br \/>\nLa QL1550 est\u00e1 equipada con un motor Yang ma de reconocida marca internacional, que ofrece un rendimiento potente con poco ruido y alta confiabilidad. Este motor garantiza una compatibilidad \u00f3ptima con el equipo principal, proporcionando un rendimiento general superior y una fuerte respuesta transitoria.<\/li>\n<li><strong>Estructura duradera para entornos de construcci\u00f3n vers\u00e1tiles<\/strong><br \/>\nLa potente y optimizada estructura de pluma tipo caja proporciona una resistencia y rigidez excepcionales, lo que garantiza un rendimiento de servicio pesado a largo plazo y una alta eficiencia de la m\u00e1quina.<\/li>\n<li><strong>Control sin esfuerzo con operaci\u00f3n piloto<\/strong><br \/>\nQL1550 presenta el funcionamiento preciso y liviano del mango piloto italiano EBI, lo que reduce la fatiga. La disposici\u00f3n centralizada del interruptor del mango multifunci\u00f3n mejora la precisi\u00f3n del control, mejorando en gran medida la suavidad y precisi\u00f3n de los movimientos.<\/li>\n<li><strong>Sistema de seguridad para veh\u00edculos confiable y de alta calidad<\/strong><br \/>\nEl dise\u00f1o del minicargador SeekMach refleja una filosof\u00eda orientada a las personas y que da prioridad a la seguridad, con dispositivos de inspecci\u00f3n de seguridad de tres niveles que incluyen freno de estacionamiento, puerta del conductor y barra de seguridad, lo que garantiza la seguridad operativa del conductor.<\/li>\n<li><strong>Mantenimiento conveniente y f\u00e1cil<\/strong><br \/>\nEl espacio de servicio est\u00e1 dise\u00f1ado para ser conveniente, con una agrupaci\u00f3n centralizada de puntos de mantenimiento diario. Los puntos de mantenimiento son de f\u00e1cil acceso, lo que permite un mantenimiento r\u00e1pido y sin complicaciones, lo que ahorra significativamente tiempo. La puerta del compartimento trasero de la m\u00e1quina se puede abrir c\u00f3modamente para realizar inspecciones de rutina.<\/li>\n<\/ul>\n<h3>Caracter\u00edsticas<\/h3>\n<p>El minicargador SeekMach cuenta con tracci\u00f3n total y direcci\u00f3n deslizante, lo que permite un intercambio r\u00e1pido y sencillo de varias herramientas de trabajo para satisfacer diversos requisitos de trabajo. Con el acoplador r\u00e1pido italiano FASTER y su funci\u00f3n de autoalivio, conectar accesorios es sencillo, ahorra tiempo y no requiere esfuerzo, ya que solo requiere unos minutos sin necesidad de herramientas adicionales. Junto con los conectores de aviaci\u00f3n Deutsch, nuestro cargador garantiza un rendimiento confiable y permite un control perfecto de accesorios complejos, lo que resulta en una mayor eficiencia en el trabajo. Ya sea para paisajismo, reparaci\u00f3n de carreteras, mantenimiento municipal, aplicaciones agr\u00edcolas, demolici\u00f3n de construcciones o limpieza de almacenes, \u00a1nuestro minicargador siempre est\u00e1 ocupado trabajando!<\/p>\n<p><img fetchpriority=\"high\" decoding=\"async\" class=\"aligncenter size-full wp-image-10604\" src=\"https:\/\/seotest.SeekMachmachinery.com\/wp-content\/uploads\/2024\/03\/xiantiao.png\" alt=\"\" width=\"1164\" height=\"708\" \/><\/p>","protected":false},"excerpt":{"rendered":"<table style=\"border-collapse: collapse; width: 667.52pt;\" border=\"0\" width=\"890\" cellspacing=\"0\" cellpadding=\"0\">\n<tbody>\n<tr style=\"height: 20.00pt;\">\n<td class=\"et2\" style=\"height: 20.00pt; width: 363.80pt;\" width=\"485\" height=\"26\">M\u00e9todo de control<\/td>\n<td class=\"et2\" style=\"width: 303.80pt;\" width=\"405\">control piloto<\/td>\n<\/tr>\n<tr style=\"height: 20.00pt;\">\n<td class=\"et2\" style=\"height: 20.00pt;\" height=\"26\">Motor<\/td>\n<td class=\"et2\">Motor japon\u00e9s Yanmar 4TNV86CT<\/td>\n<\/tr>\n<tr style=\"height: 20.00pt;\">\n<td class=\"et2\" style=\"height: 20.00pt;\" height=\"26\">bomba viajera<\/td>\n<td class=\"et2\">Bomba de pist\u00f3n m\u00f3vil Rexroth alemana<\/td>\n<\/tr>\n<tr style=\"height: 20.00pt;\">\n<td class=\"et2\" style=\"height: 20.00pt;\" height=\"26\">Motor de viaje<\/td>\n<td class=\"et2\">Motor de \u00e9mbolo m\u00f3vil alem\u00e1n Rexroth.<\/td>\n<\/tr>\n<tr style=\"height: 20.00pt;\">\n<td class=\"et2\" style=\"height: 20.00pt;\" height=\"26\">Bomba de trabajo<\/td>\n<td class=\"et2\">Bomba de aceite de engranajes italiana Casappa<\/td>\n<\/tr>\n<tr style=\"height: 15.75pt;\">\n<td class=\"et2\" style=\"height: 15.75pt;\" height=\"21\">Mango de control<\/td>\n<td class=\"et2\">Mango de control piloto EBI italiano<\/td>\n<\/tr>\n<tr style=\"height: 15.75pt;\">\n<td class=\"et2\" style=\"height: 15.75pt;\" height=\"21\">v\u00e1lvula niveladora<\/td>\n<td class=\"et2\">V\u00e1lvula niveladora italiana NEM<\/td>\n<\/tr>\n<tr style=\"height: 15.75pt;\">\n<td class=\"et2\" style=\"height: 15.75pt;\" height=\"21\">Acoplamiento r\u00e1pido hidr\u00e1ulico<\/td>\n<td class=\"et2\">Acoplador r\u00e1pido hidr\u00e1ulico autodescargable italiano Faster<\/td>\n<\/tr>\n<tr style=\"height: 15.75pt;\">\n<td class=\"et2\" style=\"height: 15.75pt;\" height=\"21\">Cadena de transmisi\u00f3n<\/td>\n<td class=\"et2\">Cadena de transmisi\u00f3n japonesa Tsubaki<\/td>\n<\/tr>\n<\/tbody>\n<\/table>","protected":false},"featured_media":0,"comment_status":"closed","ping_status":"closed","template":"","meta":[],"product_brand":[],"product_cat":[20],"product_tag":[],"class_list":{"0":"post-10597","1":"product","2":"type-product","3":"status-publish","5":"product_cat-uncategorized","7":"first","8":"instock","9":"shipping-taxable","10":"product-type-simple"},"_links":{"self":[{"href":"https:\/\/seekmach.com\/es\/wp-json\/wp\/v2\/product\/10597","targetHints":{"allow":["GET"]}}],"collection":[{"href":"https:\/\/seekmach.com\/es\/wp-json\/wp\/v2\/product"}],"about":[{"href":"https:\/\/seekmach.com\/es\/wp-json\/wp\/v2\/types\/product"}],"replies":[{"embeddable":true,"href":"https:\/\/seekmach.com\/es\/wp-json\/wp\/v2\/comments?post=10597"}],"wp:attachment":[{"href":"https:\/\/seekmach.com\/es\/wp-json\/wp\/v2\/media?parent=10597"}],"wp:term":[{"taxonomy":"product_brand","embeddable":true,"href":"https:\/\/seekmach.com\/es\/wp-json\/wp\/v2\/product_brand?post=10597"},{"taxonomy":"product_cat","embeddable":true,"href":"https:\/\/seekmach.com\/es\/wp-json\/wp\/v2\/product_cat?post=10597"},{"taxonomy":"product_tag","embeddable":true,"href":"https:\/\/seekmach.com\/es\/wp-json\/wp\/v2\/product_tag?post=10597"}],"curies":[{"name":"gracias","href":"https:\/\/api.w.org\/{rel}","templated":true}]}}