{"id":2299,"date":"2021-12-16T06:34:01","date_gmt":"2021-12-16T06:34:01","guid":{"rendered":"https:\/\/seotest.qilumachinery.com\/?post_type=product&#038;p=2299"},"modified":"2026-01-05T15:04:57","modified_gmt":"2026-01-05T07:04:57","slug":"qln-17pro","status":"publish","type":"product","link":"https:\/\/seekmach.com\/de\/produkt\/qln-17pro","title":{"rendered":"China 1.7T Minibagger"},"content":{"rendered":"<h3>China 1.7T Mini Excavator QLN-17Pro<\/h3>\n<ul>\n<li>Looking for a reliable and efficient mini excavator that can handle your landscaping or construction needs? Our <a href=\"https:\/\/seotest.SeekMachmachinery.com\/why-the-1-7-ton-excavator-is-perfect-for-small-construction-projects\/\" target=\"_blank\" rel=\"noopener\">1.7 ton mini excavator<\/a> with roof, hydraulic pilot control, arm swing boom, 0-tail design, Yanmar 3 cylinder diesel engine, and optional chassis stretch, Fan cabin, and heating cabin is the perfect solution.<\/li>\n<li>Mit einem Einsatzgewicht von nur 1,7 Tonnen ist dieser Minibagger kompakt und wendig und erleichtert den Einsatz auf engstem Raum und in engen Passagen. Das hydraulische Vorsteuersystem sorgt f\u00fcr eine reibungslose und pr\u00e4zise Steuerung und sorgt so f\u00fcr maximale Effizienz und Produktivit\u00e4t bei der Arbeit.<\/li>\n<li>Angetrieben von einem leistungsstarken 3-Zylinder-Dieselmotor von Yanmar liefert dieser Minibagger au\u00dfergew\u00f6hnliche Leistung und Kraftstoffeffizienz und ist somit ideal f\u00fcr eine Vielzahl von Anwendungen. Dar\u00fcber hinaus ist es sowohl mit EURO5- als auch mit EPA-Zertifikaten zertifiziert und stellt so sicher, dass es selbst die strengsten Umweltvorschriften erf\u00fcllt.<\/li>\n<li>Dieser Minibagger verf\u00fcgt \u00fcber einen Armschwenkausleger und ein 0-Heck-Design, das hervorragende Stabilit\u00e4t und Kontrolle f\u00fcr optimale Leistung bietet. Bediener k\u00f6nnen ihr Erlebnis mit optionalen Upgrades wie einer Fahrgestellverl\u00e4ngerung, einer L\u00fcfterkabine und einer Heizkabine noch individueller gestalten und so Komfort und Bequemlichkeit auch \u00fcber lange Betriebsstunden hinweg gew\u00e4hrleisten.<\/li>\n<li>Our 1.7 ton mini excavator with roof, hydraulic pilot control, arm swing boom, 0 tail design, Yanmar 3-cylinder diesel engine, and optional chassis stretch, fan cabin, and heating cabin is designed to meet the demanding needs of modern landscaping and construction operations. Whether you need to dig trenches, clear debris, or perform other essential tasks, our product delivers top-quality equipment at an affordable price. Contact us today to learn more about our products and how we can help you achieve success in your operations.<\/li>\n<\/ul>\n<table width=\"521\">\n<tbody>\n<tr>\n<td colspan=\"2\" width=\"521\">Parameter<\/td>\n<\/tr>\n<tr>\n<td>Betriebsgewicht<\/td>\n<td width=\"175\">1700KGS<\/td>\n<\/tr>\n<tr>\n<td>Motor<\/td>\n<td>Kubota<\/td>\n<\/tr>\n<tr>\n<td>Leistung<\/td>\n<td>10.2KW<\/td>\n<\/tr>\n<tr>\n<td>Eimerkapazit\u00e4t<\/td>\n<td>0,04 m\u00b3<\/td>\n<\/tr>\n<tr>\n<td>Steigf\u00e4higkeit<\/td>\n<td>30\u00b0<\/td>\n<\/tr>\n<tr>\n<td colspan=\"2\">Dimension<\/td>\n<\/tr>\n<tr>\n<td>Gesamtl\u00e4nge<\/td>\n<td width=\"175\">3300mm<\/td>\n<\/tr>\n<tr>\n<td>Gesamtbreite<\/td>\n<td width=\"175\">1110mm<\/td>\n<\/tr>\n<tr>\n<td>Gesamth\u00f6he<\/td>\n<td width=\"175\">2360mm<\/td>\n<\/tr>\n<tr>\n<td>Radstand<\/td>\n<td>875 mm<\/td>\n<\/tr>\n<tr>\n<td colspan=\"2\">Leistungsspezifikationen<\/td>\n<\/tr>\n<tr>\n<td>max. Grabh\u00f6he<\/td>\n<td width=\"175\">3310mm<\/td>\n<\/tr>\n<tr>\n<td>max. Sch\u00fctth\u00f6he<\/td>\n<td width=\"175\">2370mm<\/td>\n<\/tr>\n<tr>\n<td>max. Grabtiefe<\/td>\n<td width=\"175\">2120mm<\/td>\n<\/tr>\n<tr>\n<td>Max. Grabradius<\/td>\n<td>3640mm<\/td>\n<\/tr>\n<tr>\n<td>Max. vertikale Grabtiefe<\/td>\n<td width=\"175\">1535mm<\/td>\n<\/tr>\n<\/tbody>\n<\/table>","protected":false},"excerpt":{"rendered":"<p>max. Grabh\u00f6he: 3310 mm<\/p>\n<p>max. Sch\u00fctth\u00f6he: 2370 mm<\/p>\n<p>max. Grabtiefe: 2120 mm<\/p>\n<p>Maximale Aushubtiefe des vertikalen Arms: 1535 mm<\/p>\n<p>max. Grabweite: 3640 mm<\/p>\n<p>max. Grabweite am Boden: 3570 mm<\/p>","protected":false},"featured_media":0,"comment_status":"closed","ping_status":"closed","template":"","meta":[],"product_brand":[],"product_cat":[20],"product_tag":[],"class_list":{"0":"post-2299","1":"product","2":"type-product","3":"status-publish","5":"product_cat-uncategorized","7":"first","8":"instock","9":"shipping-taxable","10":"product-type-simple"},"_links":{"self":[{"href":"https:\/\/seekmach.com\/de\/wp-json\/wp\/v2\/product\/2299","targetHints":{"allow":["GET"]}}],"collection":[{"href":"https:\/\/seekmach.com\/de\/wp-json\/wp\/v2\/product"}],"about":[{"href":"https:\/\/seekmach.com\/de\/wp-json\/wp\/v2\/types\/product"}],"replies":[{"embeddable":true,"href":"https:\/\/seekmach.com\/de\/wp-json\/wp\/v2\/comments?post=2299"}],"wp:attachment":[{"href":"https:\/\/seekmach.com\/de\/wp-json\/wp\/v2\/media?parent=2299"}],"wp:term":[{"taxonomy":"product_brand","embeddable":true,"href":"https:\/\/seekmach.com\/de\/wp-json\/wp\/v2\/product_brand?post=2299"},{"taxonomy":"product_cat","embeddable":true,"href":"https:\/\/seekmach.com\/de\/wp-json\/wp\/v2\/product_cat?post=2299"},{"taxonomy":"product_tag","embeddable":true,"href":"https:\/\/seekmach.com\/de\/wp-json\/wp\/v2\/product_tag?post=2299"}],"curies":[{"name":"wp","href":"https:\/\/api.w.org\/{rel}","templated":true}]}}