{"id":13051,"date":"2025-07-02T15:31:40","date_gmt":"2025-07-02T07:31:40","guid":{"rendered":"https:\/\/seotest.qilumachinery.com\/?post_type=product&#038;p=13051"},"modified":"2026-03-09T15:10:22","modified_gmt":"2026-03-09T07:10:22","slug":"excavator-disc-mulcher","status":"publish","type":"product","link":"https:\/\/seekmach.com\/de\/produkt\/excavator-disc-mulcher","title":{"rendered":"Bagger-Scheibenmulcher"},"content":{"rendered":"<h4>Wie w\u00e4hlt man das richtige Modell f\u00fcr einen Bagger-Scheibenmulcher aus?<\/h4>\n<p>Modell 02 eignet sich f\u00fcr Landgewinnungsmaschinen (Holzh\u00e4cksler) mit einer Tragf\u00e4higkeit von 0,8 bis 3 Tonnen.<\/p>\n<p>Modell 04 eignet sich f\u00fcr 5-9 Tonnen schwere Bagger und Landgewinnungsmaschinen (Holzh\u00e4cksler).<\/p>\n<p>Modell 06 eignet sich f\u00fcr Bagger mit einem Gewicht von 10-18 Tonnen.<\/p>\n<p>Modell 08 ist f\u00fcr Bagger mit einem Gewicht von 19-25 Tonnen geeignet.<\/p>\n<p>Diese speziell f\u00fcr Bagger entwickelte Landgewinnungsmaschine bew\u00e4ltigt m\u00fchelos Str\u00e4ucher, Unkraut, \u00c4ste und B\u00e4ume und eignet sich hervorragend f\u00fcr die Rekultivierung von Brachland, die Umwandlung von W\u00e4ldern in Ackerland, die kommunale Reinigung sowie die Vegetationspflege in Waldgebieten und Weidefl\u00e4chen. Das Ger\u00e4t zeichnet sich durch eine kompakte Bauweise und ein modulares Design aus. Verschiedene Zubeh\u00f6rteile lassen sich flexibel an Ihre Bed\u00fcrfnisse anpassen und bieten Ihnen so ein v\u00f6llig neues Arbeitserlebnis.<\/p>\n<table width=\"736\">\n<tbody>\n<tr>\n<td width=\"95\">Modell<\/td>\n<td colspan=\"2\" width=\"196\">3,5T-5,5T<\/td>\n<td width=\"165\">6T-9T\/1000<\/td>\n<td width=\"145\">10T-15T\/1200<\/td>\n<td width=\"133\">20T-25T\/1400<\/td>\n<\/tr>\n<tr>\n<td width=\"95\">Spezifikationen<\/td>\n<td colspan=\"2\" width=\"196\">660 mm \u00d7 950 mm \u00d7 800 mm<\/td>\n<td width=\"165\">660 mm \u00d7 1400 mm \u00d7 1000 mm<\/td>\n<td width=\"145\">660 mm \u00d7 1600 mm \u00d7 1000 mm<\/td>\n<td width=\"133\">750 mm \u00d7 1800 mm \u00d7 1280 mm<\/td>\n<\/tr>\n<tr>\n<td width=\"95\">Durchflussrate L\/Min<\/td>\n<td colspan=\"2\" width=\"196\">80<\/td>\n<td width=\"165\">100<\/td>\n<td width=\"145\">140<\/td>\n<td width=\"133\">220<\/td>\n<\/tr>\n<tr>\n<td width=\"95\">Geschwindigkeit<\/td>\n<td colspan=\"2\" width=\"196\">&gt;2200<\/td>\n<td width=\"165\">&gt;2200<\/td>\n<td width=\"145\">&gt;2200<\/td>\n<td width=\"133\">&gt;2200<\/td>\n<\/tr>\n<tr>\n<td width=\"95\">Anzahl der Klingen<\/td>\n<td colspan=\"2\" width=\"196\">14<\/td>\n<td width=\"165\">24<\/td>\n<td width=\"145\">28<\/td>\n<td width=\"133\">32<\/td>\n<\/tr>\n<tr>\n<td width=\"95\">Gewicht kg<\/td>\n<td colspan=\"2\" width=\"196\">356<\/td>\n<td width=\"165\">484<\/td>\n<td width=\"145\">565<\/td>\n<td width=\"133\">710<\/td>\n<\/tr>\n<\/tbody>\n<\/table>","protected":false},"excerpt":{"rendered":"<p>How to choose the model of Excavator Disc Mulcher? Model 02 is suitable for 0.8-3 tons of land reclamation machine (wood chipper) Model 04 is suitable for 5-9 tons of excavators and land reclamation machine (wood chipper) Model 06 is suitable for 10-18 tons of excavators Model 08 is suitable for 19-25 tons of excavators [&hellip;]<\/p>\n","protected":false},"featured_media":13676,"comment_status":"closed","ping_status":"closed","template":"","meta":[],"product_brand":[],"product_cat":[31,101],"product_tag":[],"class_list":{"0":"post-13051","1":"product","2":"type-product","3":"status-publish","4":"has-post-thumbnail","6":"product_cat-excavator-supplier","7":"product_cat-attachments","9":"first","10":"instock","11":"shipping-taxable","12":"product-type-simple"},"_links":{"self":[{"href":"https:\/\/seekmach.com\/de\/wp-json\/wp\/v2\/product\/13051","targetHints":{"allow":["GET"]}}],"collection":[{"href":"https:\/\/seekmach.com\/de\/wp-json\/wp\/v2\/product"}],"about":[{"href":"https:\/\/seekmach.com\/de\/wp-json\/wp\/v2\/types\/product"}],"replies":[{"embeddable":true,"href":"https:\/\/seekmach.com\/de\/wp-json\/wp\/v2\/comments?post=13051"}],"wp:featuredmedia":[{"embeddable":true,"href":"https:\/\/seekmach.com\/de\/wp-json\/wp\/v2\/media\/13676"}],"wp:attachment":[{"href":"https:\/\/seekmach.com\/de\/wp-json\/wp\/v2\/media?parent=13051"}],"wp:term":[{"taxonomy":"product_brand","embeddable":true,"href":"https:\/\/seekmach.com\/de\/wp-json\/wp\/v2\/product_brand?post=13051"},{"taxonomy":"product_cat","embeddable":true,"href":"https:\/\/seekmach.com\/de\/wp-json\/wp\/v2\/product_cat?post=13051"},{"taxonomy":"product_tag","embeddable":true,"href":"https:\/\/seekmach.com\/de\/wp-json\/wp\/v2\/product_tag?post=13051"}],"curies":[{"name":"wp","href":"https:\/\/api.w.org\/{rel}","templated":true}]}}