{"id":10605,"date":"2024-03-19T13:37:29","date_gmt":"2024-03-19T05:37:29","guid":{"rendered":"https:\/\/seotest.qilumachinery.com\/?post_type=product&#038;p=10605"},"modified":"2026-03-04T15:30:21","modified_gmt":"2026-03-04T07:30:21","slug":"sm2200","status":"publish","type":"product","link":"https:\/\/seekmach.com\/de\/produkt\/sm2200","title":{"rendered":"Small Skid Steer Loader SM2200"},"content":{"rendered":"<h3>Kompaktlader QL2200<\/h3>\n<ul>\n<li><strong>Hervorragende Arbeitseffizienz<\/strong><br \/>\nDer QL2200 ist mit einer elektronischen Motorsteuerung und elektronischem Hand- und Fu\u00dfgas ausgestattet. Sein Doppelgasdesign passt die Motordrehzahl dynamisch an Lastschwankungen an und vermeidet so hohe Drehzahlen in Zeiten mit geringem Stromverbrauch, was zu einer Kraftstoffeinsparung von \u00fcber 81 TP3T f\u00fchrt.<\/li>\n<li><strong>Langlebige Struktur f\u00fcr vielseitige Bauumgebungen<\/strong><br \/>\nHydraulik\u00f6ltank, Kraftstofftank, Kettenkasten und Fahrgestell sind in einer Schwei\u00dfkonstruktion integriert. Die robuste Karosseriekonstruktion und die Verwendung von hochfestem Stahl sorgen f\u00fcr zuverl\u00e4ssigen Halt bei kontinuierlicher Schwerstarbeit und bieten die M\u00f6glichkeit, schwere Lastanh\u00e4nge zu transportieren.<\/li>\n<li><strong>M\u00fchelose Steuerung mit Pilotbetrieb<\/strong><br \/>\nDer QL2200 zeichnet sich durch die pr\u00e4zise und leichte Bedienung des italienischen EBI-Pilotengriffs aus, der Erm\u00fcdungserscheinungen vorbeugt. Die zentralisierte Schalteranordnung des Multifunktionsgriffs verbessert die Steuergenauigkeit und verbessert die Laufruhe und Genauigkeit der Bewegungen erheblich.<\/li>\n<li><strong>Hochwertiges und zuverl\u00e4ssiges Fahrzeugsicherheitssystem<\/strong><br \/>\nDas Design des SeekMach-Kompaktladers spiegelt eine menschenorientierte und sicherheitsorientierte Philosophie wider und verf\u00fcgt \u00fcber dreistufige Sicherheitspr\u00fcfvorrichtungen einschlie\u00dflich Feststellbremse, Fahrert\u00fcr und Sicherheitsb\u00fcgel, die die Betriebssicherheit des Fahrers gew\u00e4hrleisten.<\/li>\n<li><strong>Bequeme und einfache Wartung<\/strong><br \/>\nDer Wartungsbereich ist praktisch gestaltet und die Punkte f\u00fcr die t\u00e4gliche Wartung sind zentral angeordnet. Die Wartungspunkte sind leicht zug\u00e4nglich, sodass eine schnelle und problemlose Wartung m\u00f6glich ist und viel Zeit gespart wird. Die hintere Abteilt\u00fcr der Maschine kann f\u00fcr Routineinspektionen bequem ge\u00f6ffnet werden.<\/li>\n<\/ul>\n<h3>Merkmale<\/h3>\n<p>Der SeekMach-Kompaktlader verf\u00fcgt \u00fcber Vollradantrieb und Kompaktlenkung, wodurch verschiedene Arbeitsger\u00e4te schnell und einfach ausgetauscht werden k\u00f6nnen, um unterschiedlichen Arbeitsanforderungen gerecht zu werden. Mit dem italienischen FASTER-Schnellwechsler und seiner selbstentlastenden Funktion ist das Anschlie\u00dfen von Anbauger\u00e4ten einfach, zeitsparend und m\u00fchelos und dauert nur wenige Minuten, ohne dass zus\u00e4tzliche Werkzeuge erforderlich sind. In Verbindung mit den Luftfahrtanschl\u00fcssen von Deutsch gew\u00e4hrleistet unser Lader eine zuverl\u00e4ssige Leistung und erm\u00f6glicht eine nahtlose Steuerung komplexer Anbauger\u00e4te, was zu einer h\u00f6heren Arbeitseffizienz f\u00fchrt. Ob f\u00fcr Landschaftsbau, Stra\u00dfenreparaturen, kommunale Instandhaltung, landwirtschaftliche Anwendungen, Abbrucharbeiten oder Lagerr\u00e4umung, unser Kompaktlader ist immer im Einsatz!<\/p>\n<p><img fetchpriority=\"high\" decoding=\"async\" class=\"aligncenter size-full wp-image-10611\" src=\"https:\/\/seotest.SeekMachmachinery.com\/wp-content\/uploads\/2024\/03\/ttt.png\" alt=\"\" width=\"982\" height=\"609\" \/><\/p>","protected":false},"excerpt":{"rendered":"<table style=\"border-collapse: collapse; width: 667.52pt;\" border=\"0\" width=\"890\" cellspacing=\"0\" cellpadding=\"0\">\n<tbody>\n<tr style=\"height: 20.00pt;\">\n<td class=\"et2\" style=\"height: 20.00pt; width: 363.80pt;\" width=\"485\" height=\"26\">Kontroll-Methode<\/td>\n<td class=\"et2\" style=\"width: 303.80pt;\" width=\"405\">Vorsteuerung<\/td>\n<\/tr>\n<tr style=\"height: 20.00pt;\">\n<td class=\"et2\" style=\"height: 20.00pt;\" height=\"26\">Motor<\/td>\n<td class=\"et2\">Japanischer Yanmar 4TNV98CT-Motor<\/td>\n<\/tr>\n<tr style=\"height: 20.00pt;\">\n<td class=\"et2\" style=\"height: 20.00pt;\" height=\"26\">Wanderpumpe<\/td>\n<td class=\"et2\">Deutsche Rexroth Wanderkolbenpumpe<\/td>\n<\/tr>\n<tr style=\"height: 20.00pt;\">\n<td class=\"et2\" style=\"height: 20.00pt;\" height=\"26\">Reisemotor<\/td>\n<td class=\"et2\">Deutscher Rexroth-Fahrkolbenmotor<\/td>\n<\/tr>\n<tr style=\"height: 20.00pt;\">\n<td class=\"et2\" style=\"height: 20.00pt;\" height=\"26\">Arbeitspumpe<\/td>\n<td class=\"et2\">Italienische Casappa-Zahnrad\u00f6lpumpe<\/td>\n<\/tr>\n<tr style=\"height: 20.00pt;\">\n<td class=\"et2\" style=\"height: 20.00pt;\" height=\"26\">Bediengriff<\/td>\n<td class=\"et2\">Italienischer EBI-Pilotensteuergriff<\/td>\n<\/tr>\n<tr style=\"height: 20.00pt;\">\n<td class=\"et2\" style=\"height: 20.00pt;\" height=\"26\">Niveauregulierungsventil<\/td>\n<td class=\"et2\">Italienisches NEM-Nivellierventil<\/td>\n<\/tr>\n<tr style=\"height: 20.00pt;\">\n<td class=\"et2\" style=\"height: 20.00pt;\" height=\"26\">Hydraulischer Schnellwechsler<\/td>\n<td class=\"et2\">Selbstentladender italienischer hydraulischer Schnellwechsler Faster<\/td>\n<\/tr>\n<tr style=\"height: 20.00pt;\">\n<td class=\"et2\" style=\"height: 20.00pt;\" height=\"26\">Antriebskette<\/td>\n<td class=\"et2\">Japanische Tsubaki-Antriebskette<\/td>\n<\/tr>\n<\/tbody>\n<\/table>","protected":false},"featured_media":0,"comment_status":"closed","ping_status":"closed","template":"","meta":[],"product_brand":[],"product_cat":[20],"product_tag":[],"class_list":{"0":"post-10605","1":"product","2":"type-product","3":"status-publish","5":"product_cat-uncategorized","7":"first","8":"instock","9":"shipping-taxable","10":"product-type-simple"},"_links":{"self":[{"href":"https:\/\/seekmach.com\/de\/wp-json\/wp\/v2\/product\/10605","targetHints":{"allow":["GET"]}}],"collection":[{"href":"https:\/\/seekmach.com\/de\/wp-json\/wp\/v2\/product"}],"about":[{"href":"https:\/\/seekmach.com\/de\/wp-json\/wp\/v2\/types\/product"}],"replies":[{"embeddable":true,"href":"https:\/\/seekmach.com\/de\/wp-json\/wp\/v2\/comments?post=10605"}],"wp:attachment":[{"href":"https:\/\/seekmach.com\/de\/wp-json\/wp\/v2\/media?parent=10605"}],"wp:term":[{"taxonomy":"product_brand","embeddable":true,"href":"https:\/\/seekmach.com\/de\/wp-json\/wp\/v2\/product_brand?post=10605"},{"taxonomy":"product_cat","embeddable":true,"href":"https:\/\/seekmach.com\/de\/wp-json\/wp\/v2\/product_cat?post=10605"},{"taxonomy":"product_tag","embeddable":true,"href":"https:\/\/seekmach.com\/de\/wp-json\/wp\/v2\/product_tag?post=10605"}],"curies":[{"name":"wp","href":"https:\/\/api.w.org\/{rel}","templated":true}]}}