{"id":10597,"date":"2024-03-19T11:17:53","date_gmt":"2024-03-19T03:17:53","guid":{"rendered":"https:\/\/seotest.qilumachinery.com\/?post_type=product&#038;p=10597"},"modified":"2026-03-04T15:30:50","modified_gmt":"2026-03-04T07:30:50","slug":"ql1550","status":"publish","type":"product","link":"https:\/\/seekmach.com\/de\/produkt\/ql1550","title":{"rendered":"Chinese Skid Steer Lader SM1550"},"content":{"rendered":"<h3>Kompaktlader QL1550<\/h3>\n<ul>\n<li><strong>Hervorragende Arbeitseffizienz<\/strong><br \/>\nDer QL1550 ist mit einem Yang Ma-Motor einer renommierten internationalen Marke ausgestattet, der starke Leistung bei geringem Ger\u00e4uschpegel und hoher Zuverl\u00e4ssigkeit bietet. Dieser Motor gew\u00e4hrleistet optimale Kompatibilit\u00e4t mit der Hauptausr\u00fcstung und bietet \u00fcberlegene Gesamtleistung und starkes Einschwingverhalten.<\/li>\n<li><strong>Langlebige Struktur f\u00fcr vielseitige Bauumgebungen<\/strong><br \/>\nDie leistungsstarke und optimierte Auslegerstruktur in Kastenform bietet herausragende Festigkeit und Steifigkeit und gew\u00e4hrleistet so eine dauerhafte Hochleistungsleistung und hohe Effizienz der Maschine.<\/li>\n<li><strong>M\u00fchelose Steuerung mit Pilotbetrieb<\/strong><br \/>\nQL1550 zeichnet sich durch die pr\u00e4zise und leichte Bedienung des italienischen EBI-Pilotgriffs aus, wodurch Erm\u00fcdungserscheinungen reduziert werden. Die zentralisierte Schalteranordnung des Multifunktionsgriffs verbessert die Steuergenauigkeit und verbessert die Laufruhe und Genauigkeit der Bewegungen erheblich.<\/li>\n<li><strong>Hochwertiges und zuverl\u00e4ssiges Fahrzeugsicherheitssystem<\/strong><br \/>\nDas Design des SeekMach-Kompaktladers spiegelt eine menschenorientierte und sicherheitsorientierte Philosophie wider und verf\u00fcgt \u00fcber dreistufige Sicherheitspr\u00fcfvorrichtungen einschlie\u00dflich Feststellbremse, Fahrert\u00fcr und Sicherheitsb\u00fcgel, die die Betriebssicherheit des Fahrers gew\u00e4hrleisten.<\/li>\n<li><strong>Bequeme und einfache Wartung<\/strong><br \/>\nDer Wartungsbereich ist praktisch gestaltet und die Punkte f\u00fcr die t\u00e4gliche Wartung sind zentral angeordnet. Die Wartungspunkte sind leicht zug\u00e4nglich, sodass eine schnelle und problemlose Wartung m\u00f6glich ist und viel Zeit gespart wird. Die hintere Abteilt\u00fcr der Maschine kann f\u00fcr Routineinspektionen bequem ge\u00f6ffnet werden.<\/li>\n<\/ul>\n<h3>Merkmale<\/h3>\n<p>Der SeekMach-Kompaktlader verf\u00fcgt \u00fcber Vollradantrieb und Kompaktlenkung, wodurch verschiedene Arbeitsger\u00e4te schnell und einfach ausgetauscht werden k\u00f6nnen, um unterschiedlichen Arbeitsanforderungen gerecht zu werden. Mit dem italienischen FASTER-Schnellwechsler und seiner selbstentlastenden Funktion ist das Anschlie\u00dfen von Anbauger\u00e4ten einfach, zeitsparend und m\u00fchelos und dauert nur wenige Minuten, ohne dass zus\u00e4tzliche Werkzeuge erforderlich sind. In Verbindung mit den Luftfahrtanschl\u00fcssen von Deutsch gew\u00e4hrleistet unser Lader eine zuverl\u00e4ssige Leistung und erm\u00f6glicht eine nahtlose Steuerung komplexer Anbauger\u00e4te, was zu einer h\u00f6heren Arbeitseffizienz f\u00fchrt. Ob f\u00fcr Landschaftsbau, Stra\u00dfenreparaturen, kommunale Instandhaltung, landwirtschaftliche Anwendungen, Abbrucharbeiten oder Lagerr\u00e4umung, unser Kompaktlader ist immer im Einsatz!<\/p>\n<p><img fetchpriority=\"high\" decoding=\"async\" class=\"aligncenter size-full wp-image-10604\" src=\"https:\/\/seotest.SeekMachmachinery.com\/wp-content\/uploads\/2024\/03\/xiantiao.png\" alt=\"\" width=\"1164\" height=\"708\" \/><\/p>","protected":false},"excerpt":{"rendered":"<table style=\"border-collapse: collapse; width: 667.52pt;\" border=\"0\" width=\"890\" cellspacing=\"0\" cellpadding=\"0\">\n<tbody>\n<tr style=\"height: 20.00pt;\">\n<td class=\"et2\" style=\"height: 20.00pt; width: 363.80pt;\" width=\"485\" height=\"26\">Kontroll-Methode<\/td>\n<td class=\"et2\" style=\"width: 303.80pt;\" width=\"405\">Vorsteuerung<\/td>\n<\/tr>\n<tr style=\"height: 20.00pt;\">\n<td class=\"et2\" style=\"height: 20.00pt;\" height=\"26\">Motor<\/td>\n<td class=\"et2\">Japanischer Yanmar 4TNV86CT-Motor<\/td>\n<\/tr>\n<tr style=\"height: 20.00pt;\">\n<td class=\"et2\" style=\"height: 20.00pt;\" height=\"26\">Wanderpumpe<\/td>\n<td class=\"et2\">Deutsche Rexroth Wanderkolbenpumpe<\/td>\n<\/tr>\n<tr style=\"height: 20.00pt;\">\n<td class=\"et2\" style=\"height: 20.00pt;\" height=\"26\">Reisemotor<\/td>\n<td class=\"et2\">Deutscher Rexroth-Fahrkolbenmotor<\/td>\n<\/tr>\n<tr style=\"height: 20.00pt;\">\n<td class=\"et2\" style=\"height: 20.00pt;\" height=\"26\">Arbeitspumpe<\/td>\n<td class=\"et2\">Italienische Casappa-Zahnrad\u00f6lpumpe<\/td>\n<\/tr>\n<tr style=\"height: 15.75pt;\">\n<td class=\"et2\" style=\"height: 15.75pt;\" height=\"21\">Bediengriff<\/td>\n<td class=\"et2\">Italienischer EBI-Pilotensteuergriff<\/td>\n<\/tr>\n<tr style=\"height: 15.75pt;\">\n<td class=\"et2\" style=\"height: 15.75pt;\" height=\"21\">Niveauregulierungsventil<\/td>\n<td class=\"et2\">Italienisches NEM-Nivellierventil<\/td>\n<\/tr>\n<tr style=\"height: 15.75pt;\">\n<td class=\"et2\" style=\"height: 15.75pt;\" height=\"21\">Hydraulischer Schnellwechsler<\/td>\n<td class=\"et2\">Selbstentladender italienischer hydraulischer Schnellwechsler Faster<\/td>\n<\/tr>\n<tr style=\"height: 15.75pt;\">\n<td class=\"et2\" style=\"height: 15.75pt;\" height=\"21\">Antriebskette<\/td>\n<td class=\"et2\">Japanische Tsubaki-Antriebskette<\/td>\n<\/tr>\n<\/tbody>\n<\/table>","protected":false},"featured_media":0,"comment_status":"closed","ping_status":"closed","template":"","meta":[],"product_brand":[],"product_cat":[20],"product_tag":[],"class_list":{"0":"post-10597","1":"product","2":"type-product","3":"status-publish","5":"product_cat-uncategorized","7":"first","8":"instock","9":"shipping-taxable","10":"product-type-simple"},"_links":{"self":[{"href":"https:\/\/seekmach.com\/de\/wp-json\/wp\/v2\/product\/10597","targetHints":{"allow":["GET"]}}],"collection":[{"href":"https:\/\/seekmach.com\/de\/wp-json\/wp\/v2\/product"}],"about":[{"href":"https:\/\/seekmach.com\/de\/wp-json\/wp\/v2\/types\/product"}],"replies":[{"embeddable":true,"href":"https:\/\/seekmach.com\/de\/wp-json\/wp\/v2\/comments?post=10597"}],"wp:attachment":[{"href":"https:\/\/seekmach.com\/de\/wp-json\/wp\/v2\/media?parent=10597"}],"wp:term":[{"taxonomy":"product_brand","embeddable":true,"href":"https:\/\/seekmach.com\/de\/wp-json\/wp\/v2\/product_brand?post=10597"},{"taxonomy":"product_cat","embeddable":true,"href":"https:\/\/seekmach.com\/de\/wp-json\/wp\/v2\/product_cat?post=10597"},{"taxonomy":"product_tag","embeddable":true,"href":"https:\/\/seekmach.com\/de\/wp-json\/wp\/v2\/product_tag?post=10597"}],"curies":[{"name":"wp","href":"https:\/\/api.w.org\/{rel}","templated":true}]}}